{"id":2828,"date":"2026-03-22T17:40:16","date_gmt":"2026-03-22T16:40:16","guid":{"rendered":"https:\/\/info-n.com\/?post_type=product&#038;p=2828"},"modified":"2026-04-18T13:15:28","modified_gmt":"2026-04-18T12:15:28","slug":"ecouteur-sans-fil-pzx-l57-bluetooth-blanc","status":"publish","type":"product","link":"https:\/\/info-n.com\/tn\/shop\/ecouteur-sans-fil-pzx-l57-bluetooth-blanc\/","title":{"rendered":"\u00c9couteur Sans Fil PZX L57 Bluetooth &#8211; Blanc"},"content":{"rendered":"<p>\u00c9couteur Sans Fil PZX L57 &#8211; Mod\u00e8le : PZX L57 &#8211; Type : \u00c9couteur Sans Fil (TWS) &#8211; Connectique : Bluetooth 5.0 (10m) &#8211; Autonomie : ~3.5h (Bo\u00eetier 300mAh) &#8211; Batterie : 30mAh par \u00e9couteur &#8211; Audio : Qualit\u00e9 HD &#038; Basses riches<\/p>\n","protected":false},"excerpt":{"rendered":"<p>\u00c9couteur Sans Fil PZX L57 Bluetooth &#8211; \u00c9couteurs ergonomiques offrant un son haute d\u00e9finition avec des basses profondes pour vos appels et votre musique.<\/p>\n","protected":false},"featured_media":2439,"template":"","meta":[],"product_brand":[501],"product_cat":[712,297],"product_tag":[94,1582,116,1642,255,257,259,262,1508,1653,1650,1644,1639,1656,1659,1647,1652,371,372,375,376,1583,1649,1643,499,502,545,1655,1646,1909,1640,1658,1584,1641,1654,1645,1516,1657,1648,1660,1651],"class_list":{"0":"post-2828","1":"product","2":"type-product","3":"status-publish","4":"has-post-thumbnail","6":"product_brand-pzx","7":"product_cat-ecouteurs-sans-fil","8":"product_cat-promo","9":"product_tag-airpods","10":"product_tag-autonomie-longue-duree","11":"product_tag-bluetooth","12":"product_tag-bluetooth-earphones","13":"product_tag-earbuds","14":"product_tag-ecouteur","15":"product_tag-ecouteur-bluetooth","16":"product_tag-ecouteur-sans-fil","17":"product_tag-ecouteurs-bluetooth","18":"product_tag-ecouteurs-gaming","19":"product_tag-ecouteurs-musique","20":"product_tag-ecouteurs-reduction-de-bruit","21":"product_tag-ecouteurs-sans-fil","22":"product_tag-ecouteurs-sport","23":"product_tag-ecouteurs-teletravail","24":"product_tag-ecouteurs-true-wireless","25":"product_tag-gaming-earbuds","26":"product_tag-kit","27":"product_tag-kit-bluetooth","28":"product_tag-kit-man","29":"product_tag-kitman","30":"product_tag-long-battery-life","31":"product_tag-music-earbuds","32":"product_tag-noise-cancelling-earbuds","33":"product_tag-promotion","34":"product_tag-pzx","35":"product_tag-sans-fil","36":"product_tag-sport-earbuds","37":"product_tag-true-wireless","38":"product_tag-tunisie","39":"product_tag-wireless-earbuds","40":"product_tag-work-from-home-earbuds","41":"product_tag-1584","42":"product_tag-1641","43":"product_tag-1654","44":"product_tag-1645","45":"product_tag-1516","46":"product_tag-1657","47":"product_tag-1648","48":"product_tag-1660","49":"product_tag-1651","51":"first","52":"instock","53":"sale","54":"featured","55":"taxable","56":"shipping-taxable","57":"purchasable","58":"product-type-simple"},"aioseo_notices":[],"_links":{"self":[{"href":"https:\/\/info-n.com\/tn\/wp-json\/wp\/v2\/product\/2828","targetHints":{"allow":["GET"]}}],"collection":[{"href":"https:\/\/info-n.com\/tn\/wp-json\/wp\/v2\/product"}],"about":[{"href":"https:\/\/info-n.com\/tn\/wp-json\/wp\/v2\/types\/product"}],"wp:featuredmedia":[{"embeddable":true,"href":"https:\/\/info-n.com\/tn\/wp-json\/wp\/v2\/media\/2439"}],"wp:attachment":[{"href":"https:\/\/info-n.com\/tn\/wp-json\/wp\/v2\/media?parent=2828"}],"wp:term":[{"taxonomy":"product_brand","embeddable":true,"href":"https:\/\/info-n.com\/tn\/wp-json\/wp\/v2\/product_brand?post=2828"},{"taxonomy":"product_cat","embeddable":true,"href":"https:\/\/info-n.com\/tn\/wp-json\/wp\/v2\/product_cat?post=2828"},{"taxonomy":"product_tag","embeddable":true,"href":"https:\/\/info-n.com\/tn\/wp-json\/wp\/v2\/product_tag?post=2828"}],"curies":[{"name":"wp","href":"https:\/\/api.w.org\/{rel}","templated":true}]}}