{"id":2830,"date":"2026-03-22T17:42:19","date_gmt":"2026-03-22T16:42:19","guid":{"rendered":"https:\/\/info-n.com\/?post_type=product&#038;p=2830"},"modified":"2026-04-15T15:56:59","modified_gmt":"2026-04-15T14:56:59","slug":"ecouteur-sans-fil-iconix-ic-hb1110-bluetooth-blanc","status":"publish","type":"product","link":"https:\/\/info-n.com\/tn\/shop\/ecouteur-sans-fil-iconix-ic-hb1110-bluetooth-blanc\/","title":{"rendered":"\u00c9couteur Sans Fil ICONIX IC-HB1110 Bluetooth Blanc"},"content":{"rendered":"<p>\u00c9couteur Sans Fil ICONIX IC-HB1110 Bluetooth &#8211; Mod\u00e8le : ICONIX IC-HB1110 &#8211; Type : \u00c9couteur Sans Fil (TWS) &#8211; Connectique : Bluetooth 5.0 (Port\u00e9e 10m) &#8211; Autonomie : Jusqu&rsquo;\u00e0 4h (Bo\u00eetier 300mAh) &#8211; Audio : St\u00e9r\u00e9o &#038; Micro int\u00e9gr\u00e9 &#8211; Design : Intra-auriculaire l\u00e9ger<\/p>\n","protected":false},"excerpt":{"rendered":"<p>\u00c9couteur Sans Fil ICONIX IC-HB1110 Bluetooth &#8211; \u00c9couteurs sans fil ergonomiques offrant une connexion stable et une recharge nomade pour une utilisation quotidienne simple et confortable.<\/p>\n","protected":false},"featured_media":2431,"template":"","meta":[],"product_brand":[337],"product_cat":[712],"product_tag":[94,1582,116,1642,255,257,259,262,1508,1653,1650,1644,1639,1656,1659,1647,1652,338,371,372,375,376,1583,1649,1643,545,1655,1646,1909,1640,1658,1584,1641,1654,1645,1516,1657,1648,1660,1651],"class_list":{"0":"post-2830","1":"product","2":"type-product","3":"status-publish","4":"has-post-thumbnail","6":"product_brand-iconix","7":"product_cat-ecouteurs-sans-fil","8":"product_tag-airpods","9":"product_tag-autonomie-longue-duree","10":"product_tag-bluetooth","11":"product_tag-bluetooth-earphones","12":"product_tag-earbuds","13":"product_tag-ecouteur","14":"product_tag-ecouteur-bluetooth","15":"product_tag-ecouteur-sans-fil","16":"product_tag-ecouteurs-bluetooth","17":"product_tag-ecouteurs-gaming","18":"product_tag-ecouteurs-musique","19":"product_tag-ecouteurs-reduction-de-bruit","20":"product_tag-ecouteurs-sans-fil","21":"product_tag-ecouteurs-sport","22":"product_tag-ecouteurs-teletravail","23":"product_tag-ecouteurs-true-wireless","24":"product_tag-gaming-earbuds","25":"product_tag-iconix","26":"product_tag-kit","27":"product_tag-kit-bluetooth","28":"product_tag-kit-man","29":"product_tag-kitman","30":"product_tag-long-battery-life","31":"product_tag-music-earbuds","32":"product_tag-noise-cancelling-earbuds","33":"product_tag-sans-fil","34":"product_tag-sport-earbuds","35":"product_tag-true-wireless","36":"product_tag-tunisie","37":"product_tag-wireless-earbuds","38":"product_tag-work-from-home-earbuds","39":"product_tag-1584","40":"product_tag-1641","41":"product_tag-1654","42":"product_tag-1645","43":"product_tag-1516","44":"product_tag-1657","45":"product_tag-1648","46":"product_tag-1660","47":"product_tag-1651","49":"first","50":"instock","51":"sale","52":"taxable","53":"shipping-taxable","54":"purchasable","55":"product-type-simple"},"aioseo_notices":[],"_links":{"self":[{"href":"https:\/\/info-n.com\/tn\/wp-json\/wp\/v2\/product\/2830","targetHints":{"allow":["GET"]}}],"collection":[{"href":"https:\/\/info-n.com\/tn\/wp-json\/wp\/v2\/product"}],"about":[{"href":"https:\/\/info-n.com\/tn\/wp-json\/wp\/v2\/types\/product"}],"wp:featuredmedia":[{"embeddable":true,"href":"https:\/\/info-n.com\/tn\/wp-json\/wp\/v2\/media\/2431"}],"wp:attachment":[{"href":"https:\/\/info-n.com\/tn\/wp-json\/wp\/v2\/media?parent=2830"}],"wp:term":[{"taxonomy":"product_brand","embeddable":true,"href":"https:\/\/info-n.com\/tn\/wp-json\/wp\/v2\/product_brand?post=2830"},{"taxonomy":"product_cat","embeddable":true,"href":"https:\/\/info-n.com\/tn\/wp-json\/wp\/v2\/product_cat?post=2830"},{"taxonomy":"product_tag","embeddable":true,"href":"https:\/\/info-n.com\/tn\/wp-json\/wp\/v2\/product_tag?post=2830"}],"curies":[{"name":"wp","href":"https:\/\/api.w.org\/{rel}","templated":true}]}}