{"id":2833,"date":"2026-03-22T17:48:32","date_gmt":"2026-03-22T16:48:32","guid":{"rendered":"https:\/\/info-n.com\/?post_type=product&#038;p=2833"},"modified":"2026-04-18T13:15:25","modified_gmt":"2026-04-18T12:15:25","slug":"ecouteur-sans-fil-blue-spectrum-v31-bluetooth-avec-ecran-numerique-tactile-blanc","status":"publish","type":"product","link":"https:\/\/info-n.com\/tn\/shop\/ecouteur-sans-fil-blue-spectrum-v31-bluetooth-avec-ecran-numerique-tactile-blanc\/","title":{"rendered":"\u00c9couteur Sans Fil BLUE SPECTRUM V31 Bluetooth avec \u00e9cran num\u00e9rique tactile &#8211; Blanc"},"content":{"rendered":"<p>Mod\u00e8le : BLUE SPECTRUM V31 (Smart Edition) &#8211; Type : \u00c9couteur Sans Fil (TWS) &#8211; Connectique : Bluetooth 5.3 &#8211; Autonomie : 6h (36h avec bo\u00eetier) &#8211; \u00c9cran : Tactile num\u00e9rique int\u00e9gr\u00e9 &#8211; Audio : Hi-Fi St\u00e9r\u00e9o<\/p>\n","protected":false},"excerpt":{"rendered":"<p>\u00c9couteur Sans Fil BLUE SPECTRUM V31 Bluetooth avec \u00e9cran num\u00e9rique tactile &#8211; \u00c9couteurs innovants avec \u00e9cran tactile sur le bo\u00eetier permettant de contr\u00f4ler la musique, les appels et les r\u00e9glages directement.<\/p>\n","protected":false},"featured_media":2428,"template":"","meta":[],"product_brand":[114],"product_cat":[712,297],"product_tag":[94,1582,115,116,1642,255,257,259,262,1508,1653,1650,1644,1639,1656,1659,1647,1652,371,372,375,376,1583,1649,1643,499,545,1655,1646,1909,1640,1658,1584,1641,1654,1645,1516,1657,1648,1660,1651],"class_list":{"0":"post-2833","1":"product","2":"type-product","3":"status-publish","4":"has-post-thumbnail","6":"product_brand-blue-spectrum","7":"product_cat-ecouteurs-sans-fil","8":"product_cat-promo","9":"product_tag-airpods","10":"product_tag-autonomie-longue-duree","11":"product_tag-blue-spectrum","12":"product_tag-bluetooth","13":"product_tag-bluetooth-earphones","14":"product_tag-earbuds","15":"product_tag-ecouteur","16":"product_tag-ecouteur-bluetooth","17":"product_tag-ecouteur-sans-fil","18":"product_tag-ecouteurs-bluetooth","19":"product_tag-ecouteurs-gaming","20":"product_tag-ecouteurs-musique","21":"product_tag-ecouteurs-reduction-de-bruit","22":"product_tag-ecouteurs-sans-fil","23":"product_tag-ecouteurs-sport","24":"product_tag-ecouteurs-teletravail","25":"product_tag-ecouteurs-true-wireless","26":"product_tag-gaming-earbuds","27":"product_tag-kit","28":"product_tag-kit-bluetooth","29":"product_tag-kit-man","30":"product_tag-kitman","31":"product_tag-long-battery-life","32":"product_tag-music-earbuds","33":"product_tag-noise-cancelling-earbuds","34":"product_tag-promotion","35":"product_tag-sans-fil","36":"product_tag-sport-earbuds","37":"product_tag-true-wireless","38":"product_tag-tunisie","39":"product_tag-wireless-earbuds","40":"product_tag-work-from-home-earbuds","41":"product_tag-1584","42":"product_tag-1641","43":"product_tag-1654","44":"product_tag-1645","45":"product_tag-1516","46":"product_tag-1657","47":"product_tag-1648","48":"product_tag-1660","49":"product_tag-1651","51":"first","52":"instock","53":"sale","54":"featured","55":"taxable","56":"shipping-taxable","57":"purchasable","58":"product-type-simple"},"aioseo_notices":[],"_links":{"self":[{"href":"https:\/\/info-n.com\/tn\/wp-json\/wp\/v2\/product\/2833","targetHints":{"allow":["GET"]}}],"collection":[{"href":"https:\/\/info-n.com\/tn\/wp-json\/wp\/v2\/product"}],"about":[{"href":"https:\/\/info-n.com\/tn\/wp-json\/wp\/v2\/types\/product"}],"wp:featuredmedia":[{"embeddable":true,"href":"https:\/\/info-n.com\/tn\/wp-json\/wp\/v2\/media\/2428"}],"wp:attachment":[{"href":"https:\/\/info-n.com\/tn\/wp-json\/wp\/v2\/media?parent=2833"}],"wp:term":[{"taxonomy":"product_brand","embeddable":true,"href":"https:\/\/info-n.com\/tn\/wp-json\/wp\/v2\/product_brand?post=2833"},{"taxonomy":"product_cat","embeddable":true,"href":"https:\/\/info-n.com\/tn\/wp-json\/wp\/v2\/product_cat?post=2833"},{"taxonomy":"product_tag","embeddable":true,"href":"https:\/\/info-n.com\/tn\/wp-json\/wp\/v2\/product_tag?post=2833"}],"curies":[{"name":"wp","href":"https:\/\/api.w.org\/{rel}","templated":true}]}}