{"id":2835,"date":"2026-03-22T17:51:35","date_gmt":"2026-03-22T16:51:35","guid":{"rendered":"https:\/\/info-n.com\/?post_type=product&#038;p=2835"},"modified":"2026-04-15T12:55:15","modified_gmt":"2026-04-15T11:55:15","slug":"cle-usb-dual-hiksemi-e307c-32g-usb-3-2-type-c","status":"publish","type":"product","link":"https:\/\/info-n.com\/tn\/shop\/cle-usb-dual-hiksemi-e307c-32g-usb-3-2-type-c\/","title":{"rendered":"Cl\u00e9 USB Dual HIKSEMI E307C 32G &#8211; USB 3.2 &#038; Type-C"},"content":{"rendered":"<p><span data-subtree=\"aimfl\" data-processed=\"true\">Cl\u00e9 USB Dual HIKSEMI E307C 32G &#8211; USB 3.2 &amp; Type-C &#8211; Mod\u00e8le : HIKSEMI E307C &#8211; <\/span><mark class=\"HxTRcb\" data-sfc-root=\"c\" data-sfc-cb=\"\" data-complete=\"true\" data-sae=\"\" aria-owns=\"action-menu-parent-container\">Capacit\u00e9 : 32Go &#8211; Interface : Dual (USB 3.2 &amp; Type-C) &#8211; Mat\u00e9riau : M\u00e9tal &#8211; Vitesse : Jusqu&rsquo;\u00e0 120 Mo\/s &#8211; Compatibilit\u00e9 : Smartphone, Tablette &amp; PC<\/mark><\/p>\n","protected":false},"excerpt":{"rendered":"<p>La Cl\u00e9 USB HIKSEMI E307C 32G &#8211; USB 3.2 &amp; Type-C est une solution pratique et compacte pour le stockage et le transfert de vos fichiers num\u00e9riques. Avec une capacit\u00e9 de 32 Go, elle permet de sauvegarder des documents, des photos, des vid\u00e9os et bien plus encore.<\/p>\n","protected":false},"featured_media":2457,"template":"","meta":[],"product_brand":[326],"product_cat":[689,708],"product_tag":[230,232,233,235,236,1866,254,292,293,294,296,327,1868,459,1909,646,655,1862,1869,1864,1865,1867,1863],"class_list":{"0":"post-2835","1":"product","2":"type-product","3":"status-publish","4":"has-post-thumbnail","6":"product_brand-hiksemi","7":"product_cat-pdivers","8":"product_cat-cle-usb","9":"product_tag-cle","10":"product_tag-cle-type-c","11":"product_tag-cle-usb","12":"product_tag-cle-usb-otg","13":"product_tag-cle-usb-type-c","14":"product_tag-disque-amovible","15":"product_tag-dual","16":"product_tag-flash","17":"product_tag-flash-disque","18":"product_tag-flash-disque-otg","19":"product_tag-flash-type-c","20":"product_tag-hiksemi","21":"product_tag-memoire-usb","22":"product_tag-otg","23":"product_tag-tunisie","24":"product_tag-type-c","25":"product_tag-usb","26":"product_tag-usb-flash-drive","27":"product_tag-usb-memory","28":"product_tag-usb-stick","29":"product_tag--usb","30":"product_tag-1867","33":"first","34":"instock","35":"sale","36":"taxable","37":"shipping-taxable","38":"purchasable","39":"product-type-simple"},"aioseo_notices":[],"_links":{"self":[{"href":"https:\/\/info-n.com\/tn\/wp-json\/wp\/v2\/product\/2835","targetHints":{"allow":["GET"]}}],"collection":[{"href":"https:\/\/info-n.com\/tn\/wp-json\/wp\/v2\/product"}],"about":[{"href":"https:\/\/info-n.com\/tn\/wp-json\/wp\/v2\/types\/product"}],"wp:featuredmedia":[{"embeddable":true,"href":"https:\/\/info-n.com\/tn\/wp-json\/wp\/v2\/media\/2457"}],"wp:attachment":[{"href":"https:\/\/info-n.com\/tn\/wp-json\/wp\/v2\/media?parent=2835"}],"wp:term":[{"taxonomy":"product_brand","embeddable":true,"href":"https:\/\/info-n.com\/tn\/wp-json\/wp\/v2\/product_brand?post=2835"},{"taxonomy":"product_cat","embeddable":true,"href":"https:\/\/info-n.com\/tn\/wp-json\/wp\/v2\/product_cat?post=2835"},{"taxonomy":"product_tag","embeddable":true,"href":"https:\/\/info-n.com\/tn\/wp-json\/wp\/v2\/product_tag?post=2835"}],"curies":[{"name":"wp","href":"https:\/\/api.w.org\/{rel}","templated":true}]}}