{"id":2838,"date":"2026-03-22T17:55:33","date_gmt":"2026-03-22T16:55:33","guid":{"rendered":"https:\/\/info-n.com\/?post_type=product&#038;p=2838"},"modified":"2026-04-15T12:53:53","modified_gmt":"2026-04-15T11:53:53","slug":"cle-usb-dual-addlin-t65-32go-usb-3-2-type-c","status":"publish","type":"product","link":"https:\/\/info-n.com\/tn\/shop\/cle-usb-dual-addlin-t65-32go-usb-3-2-type-c\/","title":{"rendered":"Cl\u00e9 USB Dual ADDLIN T65 32Go &#8211; USB 3.2 &#038; Type-C"},"content":{"rendered":"<p>Cl\u00e9 USB Dual ADDLIN T65 32Go &#8211; USB 3.2 &amp; Type-C &#8211; Mod\u00e8le : ADLINK T65 &#8211; Capacit\u00e9 : 32Go &#8211; Interface : Dual (USB 3.2 Gen 1 &amp; Type-C) &#8211; Mat\u00e9riau : M\u00e9tal rotatif &#8211; Vitesse : Jusqu&rsquo;\u00e0 100 Mo\/s &#8211; Compatibilit\u00e9 : PC, Smartphone &amp; Tablette<\/p>\n","protected":false},"excerpt":{"rendered":"<p>La Cl\u00e9 USB ADDLIN T65 32Go &#8211; USB 3.2 &amp; Type-C est une solution pratique et compacte pour le stockage et le transfert de vos fichiers num\u00e9riques. Avec une capacit\u00e9 de 32 Go, elle permet de sauvegarder des documents, des photos, des vid\u00e9os et bien plus encore.<\/p>\n","protected":false},"featured_media":2294,"template":"","meta":[],"product_brand":[85],"product_cat":[689,708],"product_tag":[86,230,232,233,235,236,1866,254,292,293,294,296,1868,459,1909,646,655,1862,1869,1864,1865,1867,1863],"class_list":{"0":"post-2838","1":"product","2":"type-product","3":"status-publish","4":"has-post-thumbnail","6":"product_brand-addlin","7":"product_cat-pdivers","8":"product_cat-cle-usb","9":"product_tag-addlin","10":"product_tag-cle","11":"product_tag-cle-type-c","12":"product_tag-cle-usb","13":"product_tag-cle-usb-otg","14":"product_tag-cle-usb-type-c","15":"product_tag-disque-amovible","16":"product_tag-dual","17":"product_tag-flash","18":"product_tag-flash-disque","19":"product_tag-flash-disque-otg","20":"product_tag-flash-type-c","21":"product_tag-memoire-usb","22":"product_tag-otg","23":"product_tag-tunisie","24":"product_tag-type-c","25":"product_tag-usb","26":"product_tag-usb-flash-drive","27":"product_tag-usb-memory","28":"product_tag-usb-stick","29":"product_tag--usb","30":"product_tag-1867","33":"first","34":"instock","35":"sale","36":"taxable","37":"shipping-taxable","38":"purchasable","39":"product-type-simple"},"aioseo_notices":[],"_links":{"self":[{"href":"https:\/\/info-n.com\/tn\/wp-json\/wp\/v2\/product\/2838","targetHints":{"allow":["GET"]}}],"collection":[{"href":"https:\/\/info-n.com\/tn\/wp-json\/wp\/v2\/product"}],"about":[{"href":"https:\/\/info-n.com\/tn\/wp-json\/wp\/v2\/types\/product"}],"wp:featuredmedia":[{"embeddable":true,"href":"https:\/\/info-n.com\/tn\/wp-json\/wp\/v2\/media\/2294"}],"wp:attachment":[{"href":"https:\/\/info-n.com\/tn\/wp-json\/wp\/v2\/media?parent=2838"}],"wp:term":[{"taxonomy":"product_brand","embeddable":true,"href":"https:\/\/info-n.com\/tn\/wp-json\/wp\/v2\/product_brand?post=2838"},{"taxonomy":"product_cat","embeddable":true,"href":"https:\/\/info-n.com\/tn\/wp-json\/wp\/v2\/product_cat?post=2838"},{"taxonomy":"product_tag","embeddable":true,"href":"https:\/\/info-n.com\/tn\/wp-json\/wp\/v2\/product_tag?post=2838"}],"curies":[{"name":"wp","href":"https:\/\/api.w.org\/{rel}","templated":true}]}}