{"id":2842,"date":"2026-03-22T18:06:52","date_gmt":"2026-03-22T17:06:52","guid":{"rendered":"https:\/\/info-n.com\/?post_type=product&#038;p=2842"},"modified":"2026-04-18T13:21:11","modified_gmt":"2026-04-18T12:21:11","slug":"cle-usb-iconix-se-15-16go-usb-3-0","status":"publish","type":"product","link":"https:\/\/info-n.com\/tn\/shop\/cle-usb-iconix-se-15-16go-usb-3-0\/","title":{"rendered":"Cl\u00e9 USB ICONIX SE-15 16Go &#8211; USB 3.0"},"content":{"rendered":"<p>Cl\u00e9 USB ICONIX SE-15 16Go &#8211; USB 3.0 &#8211; Mod\u00e8le : ICONIX SE-15 &#8211; Capacit\u00e9 : 16Go &#8211; Interface : USB 3.0 &#8211; Mat\u00e9riau : M\u00e9tal &#8211; Design : Compact avec anneau de transport &#8211; Usage : Haute vitesse Plug &amp; Play<\/p>\n","protected":false},"excerpt":{"rendered":"<p>La cl\u00e9 USB ICONIX SE-15 16Go est une solution pratique et compacte pour le stockage et le transfert de vos fichiers num\u00e9riques. Avec une capacit\u00e9 de 16 Go, elle permet de sauvegarder des documents, des photos, des vid\u00e9os et bien plus encore.<\/p>\n","protected":false},"featured_media":2844,"template":"","meta":[],"product_brand":[337],"product_cat":[708,297],"product_tag":[54,230,233,1866,292,293,338,1868,499,1909,655,1862,1869,1864,662,1865,1867,1863],"class_list":{"0":"post-2842","1":"product","2":"type-product","3":"status-publish","4":"has-post-thumbnail","6":"product_brand-iconix","7":"product_cat-cle-usb","8":"product_cat-promo","9":"product_tag-16go","10":"product_tag-cle","11":"product_tag-cle-usb","12":"product_tag-disque-amovible","13":"product_tag-flash","14":"product_tag-flash-disque","15":"product_tag-iconix","16":"product_tag-memoire-usb","17":"product_tag-promotion","18":"product_tag-tunisie","19":"product_tag-usb","20":"product_tag-usb-flash-drive","21":"product_tag-usb-memory","22":"product_tag-usb-stick","23":"product_tag-usb3","24":"product_tag--usb","25":"product_tag-1867","28":"first","29":"instock","30":"featured","31":"taxable","32":"shipping-taxable","33":"purchasable","34":"product-type-simple"},"aioseo_notices":[],"_links":{"self":[{"href":"https:\/\/info-n.com\/tn\/wp-json\/wp\/v2\/product\/2842","targetHints":{"allow":["GET"]}}],"collection":[{"href":"https:\/\/info-n.com\/tn\/wp-json\/wp\/v2\/product"}],"about":[{"href":"https:\/\/info-n.com\/tn\/wp-json\/wp\/v2\/types\/product"}],"wp:featuredmedia":[{"embeddable":true,"href":"https:\/\/info-n.com\/tn\/wp-json\/wp\/v2\/media\/2844"}],"wp:attachment":[{"href":"https:\/\/info-n.com\/tn\/wp-json\/wp\/v2\/media?parent=2842"}],"wp:term":[{"taxonomy":"product_brand","embeddable":true,"href":"https:\/\/info-n.com\/tn\/wp-json\/wp\/v2\/product_brand?post=2842"},{"taxonomy":"product_cat","embeddable":true,"href":"https:\/\/info-n.com\/tn\/wp-json\/wp\/v2\/product_cat?post=2842"},{"taxonomy":"product_tag","embeddable":true,"href":"https:\/\/info-n.com\/tn\/wp-json\/wp\/v2\/product_tag?post=2842"}],"curies":[{"name":"wp","href":"https:\/\/api.w.org\/{rel}","templated":true}]}}