{"id":2846,"date":"2026-03-22T18:09:59","date_gmt":"2026-03-22T17:09:59","guid":{"rendered":"https:\/\/info-n.com\/?post_type=product&#038;p=2846"},"modified":"2026-04-18T13:21:13","modified_gmt":"2026-04-18T12:21:13","slug":"chargeur-aspor-a818-avec-cable-usb-vers-type-c","status":"publish","type":"product","link":"https:\/\/info-n.com\/tn\/shop\/chargeur-aspor-a818-avec-cable-usb-vers-type-c\/","title":{"rendered":"Chargeur ASPOR A818 avec Cable USB vers Type-C"},"content":{"rendered":"<p>Chargeur ASPOR A818 avec C\u00e2ble USB vers Type-C &#8211; Sortie : Charge intelligente 2.4A max &#8211; C\u00e2ble inclus : USB vers Type-C &#8211; S\u00e9curit\u00e9 : Protection surcharge, surtension, court-circuit &#8211; Compatibilit\u00e9 : Smartphones Android r\u00e9cents, tablettes, appareils USB-C<\/p>\n","protected":false},"excerpt":{"rendered":"<p>Le chargeur ASPOR A818 avec c\u00e2ble USB vers USB-C est un chargeur mural standard offrant une puissance de 12 W et un courant de sortie de 2,4 A. Il est con\u00e7u pour charger rapidement et en toute s\u00e9curit\u00e9 les smartphones et tablettes compatibles.<\/p>\n","protected":false},"featured_media":2375,"template":"","meta":[],"product_brand":[102],"product_cat":[705,297],"product_tag":[52,79,103,159,195,196,199,208,1795,499,554,638,1909,646,1797,1454,1796],"class_list":{"0":"post-2846","1":"product","2":"type-product","3":"status-publish","4":"has-post-thumbnail","6":"product_brand-aspor","7":"product_cat-chargeur-telephone","8":"product_cat-promo","9":"product_tag-12w","10":"product_tag-adaptateur-de-charge","11":"product_tag-aspor","12":"product_tag-cable-type-c","13":"product_tag-charge","14":"product_tag-chargeur","15":"product_tag-chargeur-12w","16":"product_tag-chargeur-secteur","17":"product_tag-phone-charger","18":"product_tag-promotion","19":"product_tag-secteur","20":"product_tag-tete-chargeur","21":"product_tag-tunisie","22":"product_tag-type-c","23":"product_tag-1797","24":"product_tag-1454","25":"product_tag-1796","27":"first","28":"instock","29":"sale","30":"featured","31":"taxable","32":"shipping-taxable","33":"purchasable","34":"product-type-simple"},"aioseo_notices":[],"_links":{"self":[{"href":"https:\/\/info-n.com\/tn\/wp-json\/wp\/v2\/product\/2846","targetHints":{"allow":["GET"]}}],"collection":[{"href":"https:\/\/info-n.com\/tn\/wp-json\/wp\/v2\/product"}],"about":[{"href":"https:\/\/info-n.com\/tn\/wp-json\/wp\/v2\/types\/product"}],"wp:featuredmedia":[{"embeddable":true,"href":"https:\/\/info-n.com\/tn\/wp-json\/wp\/v2\/media\/2375"}],"wp:attachment":[{"href":"https:\/\/info-n.com\/tn\/wp-json\/wp\/v2\/media?parent=2846"}],"wp:term":[{"taxonomy":"product_brand","embeddable":true,"href":"https:\/\/info-n.com\/tn\/wp-json\/wp\/v2\/product_brand?post=2846"},{"taxonomy":"product_cat","embeddable":true,"href":"https:\/\/info-n.com\/tn\/wp-json\/wp\/v2\/product_cat?post=2846"},{"taxonomy":"product_tag","embeddable":true,"href":"https:\/\/info-n.com\/tn\/wp-json\/wp\/v2\/product_tag?post=2846"}],"curies":[{"name":"wp","href":"https:\/\/api.w.org\/{rel}","templated":true}]}}