{"id":2850,"date":"2026-03-23T16:06:08","date_gmt":"2026-03-23T15:06:08","guid":{"rendered":"https:\/\/info-n.com\/?post_type=product&#038;p=2850"},"modified":"2026-04-14T17:02:59","modified_gmt":"2026-04-14T16:02:59","slug":"chargeur-inkax-c02-2-1a-usb","status":"publish","type":"product","link":"https:\/\/info-n.com\/tn\/shop\/chargeur-inkax-c02-2-1a-usb\/","title":{"rendered":"Chargeur INKAX C02 2.1A USB"},"content":{"rendered":"<p>Chargeur INKAX C02 2.1A USB &#8211; Puissance : 2.1A &#8211; Ports : USB-A &#8211; S\u00e9curit\u00e9 : Protection surcharge, surtension, court-circuit &#8211; Compatibilit\u00e9 : Smartphones, tablettes, appareils USB<\/p>\n","protected":false},"excerpt":{"rendered":"<p>Le chargeur USB INKAX C02 2.1A est un adaptateur mural simple port USB, il offre une puissance de 10W et un courant de sortie de 2.1A. Il est con\u00e7u pour fournir une charge efficace aux appareils compatibles.<\/p>\n","protected":false},"featured_media":2858,"template":"","meta":[],"product_brand":[342],"product_cat":[705],"product_tag":[49,58,79,195,196,197,208,341,1795,554,638,1909,655,1797,1454,1796],"class_list":{"0":"post-2850","1":"product","2":"type-product","3":"status-publish","4":"has-post-thumbnail","6":"product_brand-inkax","7":"product_cat-chargeur-telephone","8":"product_tag-10w","9":"product_tag-2-1a","10":"product_tag-adaptateur-de-charge","11":"product_tag-charge","12":"product_tag-chargeur","13":"product_tag-chargeur-10w","14":"product_tag-chargeur-secteur","15":"product_tag-inkax","16":"product_tag-phone-charger","17":"product_tag-secteur","18":"product_tag-tete-chargeur","19":"product_tag-tunisie","20":"product_tag-usb","21":"product_tag-1797","22":"product_tag-1454","23":"product_tag-1796","25":"first","26":"instock","27":"sale","28":"taxable","29":"shipping-taxable","30":"purchasable","31":"product-type-simple"},"aioseo_notices":[],"_links":{"self":[{"href":"https:\/\/info-n.com\/tn\/wp-json\/wp\/v2\/product\/2850","targetHints":{"allow":["GET"]}}],"collection":[{"href":"https:\/\/info-n.com\/tn\/wp-json\/wp\/v2\/product"}],"about":[{"href":"https:\/\/info-n.com\/tn\/wp-json\/wp\/v2\/types\/product"}],"wp:featuredmedia":[{"embeddable":true,"href":"https:\/\/info-n.com\/tn\/wp-json\/wp\/v2\/media\/2858"}],"wp:attachment":[{"href":"https:\/\/info-n.com\/tn\/wp-json\/wp\/v2\/media?parent=2850"}],"wp:term":[{"taxonomy":"product_brand","embeddable":true,"href":"https:\/\/info-n.com\/tn\/wp-json\/wp\/v2\/product_brand?post=2850"},{"taxonomy":"product_cat","embeddable":true,"href":"https:\/\/info-n.com\/tn\/wp-json\/wp\/v2\/product_cat?post=2850"},{"taxonomy":"product_tag","embeddable":true,"href":"https:\/\/info-n.com\/tn\/wp-json\/wp\/v2\/product_tag?post=2850"}],"curies":[{"name":"wp","href":"https:\/\/api.w.org\/{rel}","templated":true}]}}