{"id":2860,"date":"2026-03-23T16:08:18","date_gmt":"2026-03-23T15:08:18","guid":{"rendered":"https:\/\/info-n.com\/?post_type=product&#038;p=2860"},"modified":"2026-04-18T13:21:13","modified_gmt":"2026-04-18T12:21:13","slug":"chargeur-inkax-c02-10w-avec-cable-usb-vers-micro-usb","status":"publish","type":"product","link":"https:\/\/info-n.com\/tn\/shop\/chargeur-inkax-c02-10w-avec-cable-usb-vers-micro-usb\/","title":{"rendered":"Chargeur INKAX C02 2.1A avec Cable USB vers Micro USB"},"content":{"rendered":"<p>Chargeur INKAX C02 10W avec C\u00e2ble USB vers Micro USB &#8211; Puissance : 10W (2.1A) &#8211; C\u00e2ble inclus : USB vers Micro USB &#8211; S\u00e9curit\u00e9 : Protection surcharge, surtension, court-circuit &#8211; Compatibilit\u00e9 : Smartphones Android, tablettes, appareils Micro USB<\/p>\n","protected":false},"excerpt":{"rendered":"<p>Le Chargeur INKAX C02 10W USB avec Cable USB vers Micro USB est un adaptateur secteur mural compact USB avec cable usb vers micro-usb offrant une puissance de 10 W et un courant de 2,1 A.<\/p>\n","protected":false},"featured_media":2851,"template":"","meta":[],"product_brand":[342],"product_cat":[705,297],"product_tag":[49,79,146,147,195,196,197,208,341,423,427,1795,499,554,638,1909,1797,1454,1796],"class_list":{"0":"post-2860","1":"product","2":"type-product","3":"status-publish","4":"has-post-thumbnail","6":"product_brand-inkax","7":"product_cat-chargeur-telephone","8":"product_cat-promo","9":"product_tag-10w","10":"product_tag-adaptateur-de-charge","11":"product_tag-cable-micro","12":"product_tag-cable-micro-usb","13":"product_tag-charge","14":"product_tag-chargeur","15":"product_tag-chargeur-10w","16":"product_tag-chargeur-secteur","17":"product_tag-inkax","18":"product_tag-micro","19":"product_tag-micro-usb","20":"product_tag-phone-charger","21":"product_tag-promotion","22":"product_tag-secteur","23":"product_tag-tete-chargeur","24":"product_tag-tunisie","25":"product_tag-1797","26":"product_tag-1454","27":"product_tag-1796","29":"first","30":"instock","31":"sale","32":"featured","33":"taxable","34":"shipping-taxable","35":"purchasable","36":"product-type-simple"},"aioseo_notices":[],"_links":{"self":[{"href":"https:\/\/info-n.com\/tn\/wp-json\/wp\/v2\/product\/2860","targetHints":{"allow":["GET"]}}],"collection":[{"href":"https:\/\/info-n.com\/tn\/wp-json\/wp\/v2\/product"}],"about":[{"href":"https:\/\/info-n.com\/tn\/wp-json\/wp\/v2\/types\/product"}],"wp:featuredmedia":[{"embeddable":true,"href":"https:\/\/info-n.com\/tn\/wp-json\/wp\/v2\/media\/2851"}],"wp:attachment":[{"href":"https:\/\/info-n.com\/tn\/wp-json\/wp\/v2\/media?parent=2860"}],"wp:term":[{"taxonomy":"product_brand","embeddable":true,"href":"https:\/\/info-n.com\/tn\/wp-json\/wp\/v2\/product_brand?post=2860"},{"taxonomy":"product_cat","embeddable":true,"href":"https:\/\/info-n.com\/tn\/wp-json\/wp\/v2\/product_cat?post=2860"},{"taxonomy":"product_tag","embeddable":true,"href":"https:\/\/info-n.com\/tn\/wp-json\/wp\/v2\/product_tag?post=2860"}],"curies":[{"name":"wp","href":"https:\/\/api.w.org\/{rel}","templated":true}]}}