{"id":2862,"date":"2026-03-23T16:12:13","date_gmt":"2026-03-23T15:12:13","guid":{"rendered":"https:\/\/info-n.com\/?post_type=product&#038;p=2862"},"modified":"2026-04-18T13:21:13","modified_gmt":"2026-04-18T12:21:13","slug":"chargeur-rapide-inkax-y03-eu-pd-20w-usb","status":"publish","type":"product","link":"https:\/\/info-n.com\/tn\/shop\/chargeur-rapide-inkax-y03-eu-pd-20w-usb\/","title":{"rendered":"Chargeur Rapide INKAX Y03-EU PD 20W USB"},"content":{"rendered":"<p>Chargeur Rapide INKAX Y03-EU PD 20W USB &#8211; Puissance : 20W PD (Power Delivery) charge rapide &#8211; Port : USB-A ou USB-C (selon version) &#8211; Technologie : Charge intelligente, compatibilit\u00e9 PD\/QC &#8211; S\u00e9curit\u00e9 : Protection surcharge, surtension, court-circuit, surchauffe &#8211; Compatibilit\u00e9 : iPhone 8+, iPad, Samsung, smartphones, tablettes<\/p>\n","protected":false},"excerpt":{"rendered":"<p>Le chargeur rapide INKAX Y03-EU USB est un adaptateur mural d&rsquo;une puissance de 20 W dot\u00e9 de la technologie Quick Charge QC 3.0. Il est con\u00e7u pour fournir une charge efficace aux appareils compatibles.<\/p>\n","protected":false},"featured_media":2857,"template":"","meta":[],"product_brand":[342],"product_cat":[705,297],"product_tag":[60,79,195,196,202,208,289,341,1795,499,554,638,1909,655,1797,1454,1796],"class_list":{"0":"post-2862","1":"product","2":"type-product","3":"status-publish","4":"has-post-thumbnail","6":"product_brand-inkax","7":"product_cat-chargeur-telephone","8":"product_cat-promo","9":"product_tag-20w","10":"product_tag-adaptateur-de-charge","11":"product_tag-charge","12":"product_tag-chargeur","13":"product_tag-chargeur-20w","14":"product_tag-chargeur-secteur","15":"product_tag-fast-charger","16":"product_tag-inkax","17":"product_tag-phone-charger","18":"product_tag-promotion","19":"product_tag-secteur","20":"product_tag-tete-chargeur","21":"product_tag-tunisie","22":"product_tag-usb","23":"product_tag-1797","24":"product_tag-1454","25":"product_tag-1796","27":"first","28":"instock","29":"sale","30":"featured","31":"taxable","32":"shipping-taxable","33":"purchasable","34":"product-type-simple"},"aioseo_notices":[],"_links":{"self":[{"href":"https:\/\/info-n.com\/tn\/wp-json\/wp\/v2\/product\/2862","targetHints":{"allow":["GET"]}}],"collection":[{"href":"https:\/\/info-n.com\/tn\/wp-json\/wp\/v2\/product"}],"about":[{"href":"https:\/\/info-n.com\/tn\/wp-json\/wp\/v2\/types\/product"}],"wp:featuredmedia":[{"embeddable":true,"href":"https:\/\/info-n.com\/tn\/wp-json\/wp\/v2\/media\/2857"}],"wp:attachment":[{"href":"https:\/\/info-n.com\/tn\/wp-json\/wp\/v2\/media?parent=2862"}],"wp:term":[{"taxonomy":"product_brand","embeddable":true,"href":"https:\/\/info-n.com\/tn\/wp-json\/wp\/v2\/product_brand?post=2862"},{"taxonomy":"product_cat","embeddable":true,"href":"https:\/\/info-n.com\/tn\/wp-json\/wp\/v2\/product_cat?post=2862"},{"taxonomy":"product_tag","embeddable":true,"href":"https:\/\/info-n.com\/tn\/wp-json\/wp\/v2\/product_tag?post=2862"}],"curies":[{"name":"wp","href":"https:\/\/api.w.org\/{rel}","templated":true}]}}