{"id":2863,"date":"2026-03-23T16:14:13","date_gmt":"2026-03-23T15:14:13","guid":{"rendered":"https:\/\/info-n.com\/?post_type=product&#038;p=2863"},"modified":"2026-04-18T13:21:12","modified_gmt":"2026-04-18T12:21:12","slug":"chargeur-rapide-inkax-y32-20w-type-c-avec-cable-type-c-vers-lightning","status":"publish","type":"product","link":"https:\/\/info-n.com\/tn\/shop\/chargeur-rapide-inkax-y32-20w-type-c-avec-cable-type-c-vers-lightning\/","title":{"rendered":"Chargeur Rapide INKAX Y32 20W Type-C Avec Cable Type-C vers Lightning"},"content":{"rendered":"<p>Chargeur Rapide INKAX Y32 20W Type-C avec C\u00e2ble Type-C vers Lightning &#8211; Puissance : 20W PD (Power Delivery) charge rapide &#8211; Port : USB-C &#8211; C\u00e2ble inclus : Type-C vers Lightning (MFi compatible) &#8211; S\u00e9curit\u00e9 : Protection surcharge, surtension, court-circuit &#8211; Compatibilit\u00e9 : iPhone 8 et plus, iPad, iPod avec connecteur Lightning<\/p>\n","protected":false},"excerpt":{"rendered":"<p>Le chargeur rapide INKAX Y32 20W Type-C avec c\u00e2ble Type-C vers Lightning est un accessoire con\u00e7u pour la charge rapide s\u00e9curis\u00e9e des produits Apple, offrant une puissance de 20W.<\/p>\n","protected":false},"featured_media":2855,"template":"","meta":[],"product_brand":[342],"product_cat":[705,297],"product_tag":[60,79,143,160,195,196,202,208,341,392,1795,499,554,638,1909,1797,1454,1796],"class_list":{"0":"post-2863","1":"product","2":"type-product","3":"status-publish","4":"has-post-thumbnail","6":"product_brand-inkax","7":"product_cat-chargeur-telephone","8":"product_cat-promo","9":"product_tag-20w","10":"product_tag-adaptateur-de-charge","11":"product_tag-cable-lightning","12":"product_tag-cable-type-c-lightning","13":"product_tag-charge","14":"product_tag-chargeur","15":"product_tag-chargeur-20w","16":"product_tag-chargeur-secteur","17":"product_tag-inkax","18":"product_tag-lightning","19":"product_tag-phone-charger","20":"product_tag-promotion","21":"product_tag-secteur","22":"product_tag-tete-chargeur","23":"product_tag-tunisie","24":"product_tag-1797","25":"product_tag-1454","26":"product_tag-1796","28":"first","29":"instock","30":"sale","31":"featured","32":"taxable","33":"shipping-taxable","34":"purchasable","35":"product-type-simple"},"aioseo_notices":[],"_links":{"self":[{"href":"https:\/\/info-n.com\/tn\/wp-json\/wp\/v2\/product\/2863","targetHints":{"allow":["GET"]}}],"collection":[{"href":"https:\/\/info-n.com\/tn\/wp-json\/wp\/v2\/product"}],"about":[{"href":"https:\/\/info-n.com\/tn\/wp-json\/wp\/v2\/types\/product"}],"wp:featuredmedia":[{"embeddable":true,"href":"https:\/\/info-n.com\/tn\/wp-json\/wp\/v2\/media\/2855"}],"wp:attachment":[{"href":"https:\/\/info-n.com\/tn\/wp-json\/wp\/v2\/media?parent=2863"}],"wp:term":[{"taxonomy":"product_brand","embeddable":true,"href":"https:\/\/info-n.com\/tn\/wp-json\/wp\/v2\/product_brand?post=2863"},{"taxonomy":"product_cat","embeddable":true,"href":"https:\/\/info-n.com\/tn\/wp-json\/wp\/v2\/product_cat?post=2863"},{"taxonomy":"product_tag","embeddable":true,"href":"https:\/\/info-n.com\/tn\/wp-json\/wp\/v2\/product_tag?post=2863"}],"curies":[{"name":"wp","href":"https:\/\/api.w.org\/{rel}","templated":true}]}}