{"id":2865,"date":"2026-03-23T16:20:46","date_gmt":"2026-03-23T15:20:46","guid":{"rendered":"https:\/\/info-n.com\/?post_type=product&#038;p=2865"},"modified":"2026-04-18T13:21:14","modified_gmt":"2026-04-18T12:21:14","slug":"chargeur-inkax-c06-2-4a-avec-2-ports-usb-cable-usb-vers-micro-usb","status":"publish","type":"product","link":"https:\/\/info-n.com\/tn\/shop\/chargeur-inkax-c06-2-4a-avec-2-ports-usb-cable-usb-vers-micro-usb\/","title":{"rendered":"Chargeur INKAX C06 2.4A avec 2 Ports USB &#038; Cable USB vers Micro USB"},"content":{"rendered":"<p>Chargeur INKAX C06 2.4A avec 2 Ports USB &#038; C\u00e2ble USB vers Micro USB &#8211; Sortie : 2.4A max, charge intelligente &#8211; Ports : 2x USB-A pour charge simultan\u00e9e &#8211; C\u00e2ble inclus : USB vers Micro USB &#8211; S\u00e9curit\u00e9 : Protection surcharge, surtension, court-circuit &#8211; Compatibilit\u00e9 : Smartphones Android, tablettes, appareils Micro USB<\/p>\n","protected":false},"excerpt":{"rendered":"<p>Le chargeur INKAX C06 2.4A avec 2 ports USB et c\u00e2ble USB vers Micro est con\u00e7u pour optimiser l&rsquo;exp\u00e9rience de charge quotidienne \u00e0 la maison ou en d\u00e9placement. Cet adaptateur mural, certifi\u00e9 CE pour la s\u00e9curit\u00e9, fournit une puissance totale de 12 Watts (W) avec une sortie de 5V\/2.4A via ses deux ports USB-A, permettant de recharger simultan\u00e9ment plusieurs appareils.<\/p>\n","protected":false},"featured_media":2859,"template":"","meta":[],"product_brand":[342],"product_cat":[705,297],"product_tag":[52,59,79,147,195,196,199,208,341,427,1795,499,554,638,1909,1797,1454,1796],"class_list":{"0":"post-2865","1":"product","2":"type-product","3":"status-publish","4":"has-post-thumbnail","6":"product_brand-inkax","7":"product_cat-chargeur-telephone","8":"product_cat-promo","9":"product_tag-12w","10":"product_tag-2-4a","11":"product_tag-adaptateur-de-charge","12":"product_tag-cable-micro-usb","13":"product_tag-charge","14":"product_tag-chargeur","15":"product_tag-chargeur-12w","16":"product_tag-chargeur-secteur","17":"product_tag-inkax","18":"product_tag-micro-usb","19":"product_tag-phone-charger","20":"product_tag-promotion","21":"product_tag-secteur","22":"product_tag-tete-chargeur","23":"product_tag-tunisie","24":"product_tag-1797","25":"product_tag-1454","26":"product_tag-1796","28":"first","29":"instock","30":"sale","31":"featured","32":"taxable","33":"shipping-taxable","34":"purchasable","35":"product-type-simple"},"aioseo_notices":[],"_links":{"self":[{"href":"https:\/\/info-n.com\/tn\/wp-json\/wp\/v2\/product\/2865","targetHints":{"allow":["GET"]}}],"collection":[{"href":"https:\/\/info-n.com\/tn\/wp-json\/wp\/v2\/product"}],"about":[{"href":"https:\/\/info-n.com\/tn\/wp-json\/wp\/v2\/types\/product"}],"wp:featuredmedia":[{"embeddable":true,"href":"https:\/\/info-n.com\/tn\/wp-json\/wp\/v2\/media\/2859"}],"wp:attachment":[{"href":"https:\/\/info-n.com\/tn\/wp-json\/wp\/v2\/media?parent=2865"}],"wp:term":[{"taxonomy":"product_brand","embeddable":true,"href":"https:\/\/info-n.com\/tn\/wp-json\/wp\/v2\/product_brand?post=2865"},{"taxonomy":"product_cat","embeddable":true,"href":"https:\/\/info-n.com\/tn\/wp-json\/wp\/v2\/product_cat?post=2865"},{"taxonomy":"product_tag","embeddable":true,"href":"https:\/\/info-n.com\/tn\/wp-json\/wp\/v2\/product_tag?post=2865"}],"curies":[{"name":"wp","href":"https:\/\/api.w.org\/{rel}","templated":true}]}}