{"id":2871,"date":"2026-03-23T16:29:42","date_gmt":"2026-03-23T15:29:42","guid":{"rendered":"https:\/\/info-n.com\/?post_type=product&#038;p=2871"},"modified":"2026-04-18T13:21:13","modified_gmt":"2026-04-18T12:21:13","slug":"chargeur-rapide-67w-avec-cable-usb-vers-type-c","status":"publish","type":"product","link":"https:\/\/info-n.com\/tn\/shop\/chargeur-rapide-67w-avec-cable-usb-vers-type-c\/","title":{"rendered":"Chargeur Rapide 67W avec Cable USB vers Type-C"},"content":{"rendered":"<p>Chargeur Rapide 67W avec C\u00e2ble USB vers Type-C &#8211; Puissance : 67W charge rapide ultra-rapide &#8211; Port : USB haute puissance &#8211; C\u00e2ble inclus : USB vers Type-C &#8211; S\u00e9curit\u00e9 : Protection surcharge, surtension, court-circuit, surchauffe &#8211; Compatibilit\u00e9 : Smartphones Android r\u00e9cents, tablettes, ordinateurs portables USB-C<\/p>\n","protected":false},"excerpt":{"rendered":"<p>Fast charger &#8211; Chargeur Rapide 67W est un kit de recharge ultra-rapide comprenant un bloc adaptateur et un c\u00e2ble USB-A vers USB-C.<br \/>\nChargeur Rapide 67W USB avec Cable USB vers Type-C &#8211; Con\u00e7u principalement pour les smartphones des marques Samsung, Redmi et Honor&#8230; Il d\u00e9livre une puissance maximale de 67W, permettant de recharger enti\u00e8rement certains mod\u00e8les compatibles en moins de 20 minutes.<\/p>\n","protected":false},"featured_media":2875,"template":"","meta":[],"product_brand":[],"product_cat":[705,297],"product_tag":[74,79,159,195,196,205,208,289,1795,499,554,638,1909,646,1797,1454,1796],"class_list":{"0":"post-2871","1":"product","2":"type-product","3":"status-publish","4":"has-post-thumbnail","6":"product_cat-chargeur-telephone","7":"product_cat-promo","8":"product_tag-67w","9":"product_tag-adaptateur-de-charge","10":"product_tag-cable-type-c","11":"product_tag-charge","12":"product_tag-chargeur","13":"product_tag-chargeur-67w","14":"product_tag-chargeur-secteur","15":"product_tag-fast-charger","16":"product_tag-phone-charger","17":"product_tag-promotion","18":"product_tag-secteur","19":"product_tag-tete-chargeur","20":"product_tag-tunisie","21":"product_tag-type-c","22":"product_tag-1797","23":"product_tag-1454","24":"product_tag-1796","26":"first","27":"instock","28":"sale","29":"featured","30":"taxable","31":"shipping-taxable","32":"purchasable","33":"product-type-simple"},"aioseo_notices":[],"_links":{"self":[{"href":"https:\/\/info-n.com\/tn\/wp-json\/wp\/v2\/product\/2871","targetHints":{"allow":["GET"]}}],"collection":[{"href":"https:\/\/info-n.com\/tn\/wp-json\/wp\/v2\/product"}],"about":[{"href":"https:\/\/info-n.com\/tn\/wp-json\/wp\/v2\/types\/product"}],"wp:featuredmedia":[{"embeddable":true,"href":"https:\/\/info-n.com\/tn\/wp-json\/wp\/v2\/media\/2875"}],"wp:attachment":[{"href":"https:\/\/info-n.com\/tn\/wp-json\/wp\/v2\/media?parent=2871"}],"wp:term":[{"taxonomy":"product_brand","embeddable":true,"href":"https:\/\/info-n.com\/tn\/wp-json\/wp\/v2\/product_brand?post=2871"},{"taxonomy":"product_cat","embeddable":true,"href":"https:\/\/info-n.com\/tn\/wp-json\/wp\/v2\/product_cat?post=2871"},{"taxonomy":"product_tag","embeddable":true,"href":"https:\/\/info-n.com\/tn\/wp-json\/wp\/v2\/product_tag?post=2871"}],"curies":[{"name":"wp","href":"https:\/\/api.w.org\/{rel}","templated":true}]}}