{"id":2873,"date":"2026-03-23T16:35:53","date_gmt":"2026-03-23T15:35:53","guid":{"rendered":"https:\/\/info-n.com\/?post_type=product&#038;p=2873"},"modified":"2026-04-18T13:21:11","modified_gmt":"2026-04-18T12:21:11","slug":"chargeur-pzx-p21-2-1a-avec-cable-usb-vers-micro-usb","status":"publish","type":"product","link":"https:\/\/info-n.com\/tn\/shop\/chargeur-pzx-p21-2-1a-avec-cable-usb-vers-micro-usb\/","title":{"rendered":"Chargeur PZX P21 2.1A avec Cable USB Vers Micro USB"},"content":{"rendered":"<p>Chargeur PZX P21 2.1A avec C\u00e2ble USB vers Micro USB &#8211; Sortie : 2.1A max, charge intelligente &#8211; C\u00e2ble inclus : USB vers Micro USB &#8211; S\u00e9curit\u00e9 : Protection surcharge, surtension, court-circuit &#8211; Compatibilit\u00e9 : Smartphones Android, tablettes, appareils Micro USB<\/p>\n","protected":false},"excerpt":{"rendered":"<p>Le chargeur PZX P21 2.1A avec c\u00e2ble USB vers Micro USB est un adaptateur mural simple port, con\u00e7u pour recharger de mani\u00e8re efficace les appareils mobiles utilisant une connexion Micro USB.<\/p>\n","protected":false},"featured_media":2389,"template":"","meta":[],"product_brand":[501],"product_cat":[705,297],"product_tag":[49,58,79,147,195,196,197,208,427,1795,499,502,554,638,1909,1797,1454,1796],"class_list":{"0":"post-2873","1":"product","2":"type-product","3":"status-publish","4":"has-post-thumbnail","6":"product_brand-pzx","7":"product_cat-chargeur-telephone","8":"product_cat-promo","9":"product_tag-10w","10":"product_tag-2-1a","11":"product_tag-adaptateur-de-charge","12":"product_tag-cable-micro-usb","13":"product_tag-charge","14":"product_tag-chargeur","15":"product_tag-chargeur-10w","16":"product_tag-chargeur-secteur","17":"product_tag-micro-usb","18":"product_tag-phone-charger","19":"product_tag-promotion","20":"product_tag-pzx","21":"product_tag-secteur","22":"product_tag-tete-chargeur","23":"product_tag-tunisie","24":"product_tag-1797","25":"product_tag-1454","26":"product_tag-1796","28":"first","29":"instock","30":"featured","31":"taxable","32":"shipping-taxable","33":"purchasable","34":"product-type-simple"},"aioseo_notices":[],"_links":{"self":[{"href":"https:\/\/info-n.com\/tn\/wp-json\/wp\/v2\/product\/2873","targetHints":{"allow":["GET"]}}],"collection":[{"href":"https:\/\/info-n.com\/tn\/wp-json\/wp\/v2\/product"}],"about":[{"href":"https:\/\/info-n.com\/tn\/wp-json\/wp\/v2\/types\/product"}],"wp:featuredmedia":[{"embeddable":true,"href":"https:\/\/info-n.com\/tn\/wp-json\/wp\/v2\/media\/2389"}],"wp:attachment":[{"href":"https:\/\/info-n.com\/tn\/wp-json\/wp\/v2\/media?parent=2873"}],"wp:term":[{"taxonomy":"product_brand","embeddable":true,"href":"https:\/\/info-n.com\/tn\/wp-json\/wp\/v2\/product_brand?post=2873"},{"taxonomy":"product_cat","embeddable":true,"href":"https:\/\/info-n.com\/tn\/wp-json\/wp\/v2\/product_cat?post=2873"},{"taxonomy":"product_tag","embeddable":true,"href":"https:\/\/info-n.com\/tn\/wp-json\/wp\/v2\/product_tag?post=2873"}],"curies":[{"name":"wp","href":"https:\/\/api.w.org\/{rel}","templated":true}]}}