{"id":2876,"date":"2026-03-23T16:38:20","date_gmt":"2026-03-23T15:38:20","guid":{"rendered":"https:\/\/info-n.com\/?post_type=product&#038;p=2876"},"modified":"2026-04-18T13:21:10","modified_gmt":"2026-04-18T12:21:10","slug":"chargeur-rapide-pzx-c882e-3-1a-avec-cable-usb-vers-type-c","status":"publish","type":"product","link":"https:\/\/info-n.com\/tn\/shop\/chargeur-rapide-pzx-c882e-3-1a-avec-cable-usb-vers-type-c\/","title":{"rendered":"Chargeur Rapide PZX C882E 3.1A avec Cable USB vers Type-C"},"content":{"rendered":"<p>Chargeur Rapide PZX C882E 3.1A avec C\u00e2ble USB vers Type-C &#8211; Sortie : 3.1A max, charge intelligente rapide &#8211; Ports : USB-A &#8211; C\u00e2ble inclus : USB vers Type-C &#8211; S\u00e9curit\u00e9 : Protection surcharge, surtension, court-circuit, surchauffe &#8211; Compatibilit\u00e9 : Smartphones Android r\u00e9cents, tablettes, appareils USB-C<\/p>\n","protected":false},"excerpt":{"rendered":"<p>Le chargeur rapide PZX C882E 3.1A avec c\u00e2ble USB vers Type-C est une solution de charge \u00e9conomique et fiable con\u00e7ue pour offrir une recharge efficace pour les smartphones et tablettes compatibles.<\/p>\n","protected":false},"featured_media":2400,"template":"","meta":[],"product_brand":[501],"product_cat":[705,297],"product_tag":[53,62,79,159,195,196,200,208,1795,499,502,554,638,1909,646,1797,1454,1796],"class_list":{"0":"post-2876","1":"product","2":"type-product","3":"status-publish","4":"has-post-thumbnail","6":"product_brand-pzx","7":"product_cat-chargeur-telephone","8":"product_cat-promo","9":"product_tag-15w","10":"product_tag-3-1a","11":"product_tag-adaptateur-de-charge","12":"product_tag-cable-type-c","13":"product_tag-charge","14":"product_tag-chargeur","15":"product_tag-chargeur-15w","16":"product_tag-chargeur-secteur","17":"product_tag-phone-charger","18":"product_tag-promotion","19":"product_tag-pzx","20":"product_tag-secteur","21":"product_tag-tete-chargeur","22":"product_tag-tunisie","23":"product_tag-type-c","24":"product_tag-1797","25":"product_tag-1454","26":"product_tag-1796","28":"first","29":"instock","30":"sale","31":"featured","32":"taxable","33":"shipping-taxable","34":"purchasable","35":"product-type-simple"},"aioseo_notices":[],"_links":{"self":[{"href":"https:\/\/info-n.com\/tn\/wp-json\/wp\/v2\/product\/2876","targetHints":{"allow":["GET"]}}],"collection":[{"href":"https:\/\/info-n.com\/tn\/wp-json\/wp\/v2\/product"}],"about":[{"href":"https:\/\/info-n.com\/tn\/wp-json\/wp\/v2\/types\/product"}],"wp:featuredmedia":[{"embeddable":true,"href":"https:\/\/info-n.com\/tn\/wp-json\/wp\/v2\/media\/2400"}],"wp:attachment":[{"href":"https:\/\/info-n.com\/tn\/wp-json\/wp\/v2\/media?parent=2876"}],"wp:term":[{"taxonomy":"product_brand","embeddable":true,"href":"https:\/\/info-n.com\/tn\/wp-json\/wp\/v2\/product_brand?post=2876"},{"taxonomy":"product_cat","embeddable":true,"href":"https:\/\/info-n.com\/tn\/wp-json\/wp\/v2\/product_cat?post=2876"},{"taxonomy":"product_tag","embeddable":true,"href":"https:\/\/info-n.com\/tn\/wp-json\/wp\/v2\/product_tag?post=2876"}],"curies":[{"name":"wp","href":"https:\/\/api.w.org\/{rel}","templated":true}]}}