{"id":2878,"date":"2026-03-23T16:40:51","date_gmt":"2026-03-23T15:40:51","guid":{"rendered":"https:\/\/info-n.com\/?post_type=product&#038;p=2878"},"modified":"2026-04-18T13:21:13","modified_gmt":"2026-04-18T12:21:13","slug":"chargeur-rapide-inkax-y31-18w-avec-cable-usb-vers-type-c","status":"publish","type":"product","link":"https:\/\/info-n.com\/tn\/shop\/chargeur-rapide-inkax-y31-18w-avec-cable-usb-vers-type-c\/","title":{"rendered":"Chargeur Rapide INKAX Y31 18W avec Cable USB vers Type-C"},"content":{"rendered":"<p>Chargeur Rapide INKAX Y31 18W avec C\u00e2ble USB vers Type-C &#8211; Puissance : 18W charge rapide QC3.0 &#8211; Ports : USB-A &#8211; C\u00e2ble inclus : USB vers Type-C &#8211; S\u00e9curit\u00e9 : Protection surcharge, surtension, court-circuit, surchauffe &#8211; Compatibilit\u00e9 : Smartphones Android r\u00e9cents, tablettes, appareils USB-C<\/p>\n","protected":false},"excerpt":{"rendered":"<p>Le chargeur rapide INKAX Y31 18W avec c\u00e2ble USB vers Type-C est un accessoire populaire pour recharger les smartphones et autres appareils compatibles, int\u00e9grant la technologie Quick Charge 3.0 pour une efficacit\u00e9 optimale.<\/p>\n","protected":false},"featured_media":2856,"template":"","meta":[],"product_brand":[342],"product_cat":[705,297],"product_tag":[56,79,159,195,196,201,208,341,1795,499,554,638,1909,646,1797,1454,1796],"class_list":{"0":"post-2878","1":"product","2":"type-product","3":"status-publish","4":"has-post-thumbnail","6":"product_brand-inkax","7":"product_cat-chargeur-telephone","8":"product_cat-promo","9":"product_tag-18w","10":"product_tag-adaptateur-de-charge","11":"product_tag-cable-type-c","12":"product_tag-charge","13":"product_tag-chargeur","14":"product_tag-chargeur-18w","15":"product_tag-chargeur-secteur","16":"product_tag-inkax","17":"product_tag-phone-charger","18":"product_tag-promotion","19":"product_tag-secteur","20":"product_tag-tete-chargeur","21":"product_tag-tunisie","22":"product_tag-type-c","23":"product_tag-1797","24":"product_tag-1454","25":"product_tag-1796","27":"first","28":"instock","29":"sale","30":"featured","31":"taxable","32":"shipping-taxable","33":"purchasable","34":"product-type-simple"},"aioseo_notices":[],"_links":{"self":[{"href":"https:\/\/info-n.com\/tn\/wp-json\/wp\/v2\/product\/2878","targetHints":{"allow":["GET"]}}],"collection":[{"href":"https:\/\/info-n.com\/tn\/wp-json\/wp\/v2\/product"}],"about":[{"href":"https:\/\/info-n.com\/tn\/wp-json\/wp\/v2\/types\/product"}],"wp:featuredmedia":[{"embeddable":true,"href":"https:\/\/info-n.com\/tn\/wp-json\/wp\/v2\/media\/2856"}],"wp:attachment":[{"href":"https:\/\/info-n.com\/tn\/wp-json\/wp\/v2\/media?parent=2878"}],"wp:term":[{"taxonomy":"product_brand","embeddable":true,"href":"https:\/\/info-n.com\/tn\/wp-json\/wp\/v2\/product_brand?post=2878"},{"taxonomy":"product_cat","embeddable":true,"href":"https:\/\/info-n.com\/tn\/wp-json\/wp\/v2\/product_cat?post=2878"},{"taxonomy":"product_tag","embeddable":true,"href":"https:\/\/info-n.com\/tn\/wp-json\/wp\/v2\/product_tag?post=2878"}],"curies":[{"name":"wp","href":"https:\/\/api.w.org\/{rel}","templated":true}]}}