{"id":2880,"date":"2026-03-23T16:44:03","date_gmt":"2026-03-23T15:44:03","guid":{"rendered":"https:\/\/info-n.com\/?post_type=product&#038;p=2880"},"modified":"2026-04-18T13:21:13","modified_gmt":"2026-04-18T12:21:13","slug":"chargeur-rapide-inkax-y32-pd-20w-type-c","status":"publish","type":"product","link":"https:\/\/info-n.com\/tn\/shop\/chargeur-rapide-inkax-y32-pd-20w-type-c\/","title":{"rendered":"Chargeur Rapide INKAX Y32 PD 20W Type-C"},"content":{"rendered":"<p>Chargeur Rapide INKAX Y32 PD 20W Type-C &#8211; Puissance : 20W Power Delivery (PD) charge rapide &#8211; Port : USB-C haute puissance &#8211; S\u00e9curit\u00e9 : Protection surcharge, surtension, court-circuit, surchauffe &#8211; Compatibilit\u00e9 : iPhone, iPad, Samsung, smartphones, tablettes USB-C<\/p>\n","protected":false},"excerpt":{"rendered":"<p>Chargeur Rapide INKAX Y32 PD 20W Type-C &#8211; Puissance : 20W Power Delivery (PD) charge rapide &#8211; Port : USB-C haute puissance &#8211; S\u00e9curit\u00e9 : Protection surcharge, surtension, court-circuit, surchauffe &#8211; Compatibilit\u00e9 : iPhone, iPad, Samsung, smartphones, tablettes USB-C<\/p>\n","protected":false},"featured_media":2855,"template":"","meta":[],"product_brand":[342],"product_cat":[705,297],"product_tag":[79,195,196,202,208,289,1795,499,554,638,1909,646,1797,1454,1796],"class_list":{"0":"post-2880","1":"product","2":"type-product","3":"status-publish","4":"has-post-thumbnail","6":"product_brand-inkax","7":"product_cat-chargeur-telephone","8":"product_cat-promo","9":"product_tag-adaptateur-de-charge","10":"product_tag-charge","11":"product_tag-chargeur","12":"product_tag-chargeur-20w","13":"product_tag-chargeur-secteur","14":"product_tag-fast-charger","15":"product_tag-phone-charger","16":"product_tag-promotion","17":"product_tag-secteur","18":"product_tag-tete-chargeur","19":"product_tag-tunisie","20":"product_tag-type-c","21":"product_tag-1797","22":"product_tag-1454","23":"product_tag-1796","25":"first","26":"instock","27":"sale","28":"featured","29":"taxable","30":"shipping-taxable","31":"purchasable","32":"product-type-simple"},"aioseo_notices":[],"_links":{"self":[{"href":"https:\/\/info-n.com\/tn\/wp-json\/wp\/v2\/product\/2880","targetHints":{"allow":["GET"]}}],"collection":[{"href":"https:\/\/info-n.com\/tn\/wp-json\/wp\/v2\/product"}],"about":[{"href":"https:\/\/info-n.com\/tn\/wp-json\/wp\/v2\/types\/product"}],"wp:featuredmedia":[{"embeddable":true,"href":"https:\/\/info-n.com\/tn\/wp-json\/wp\/v2\/media\/2855"}],"wp:attachment":[{"href":"https:\/\/info-n.com\/tn\/wp-json\/wp\/v2\/media?parent=2880"}],"wp:term":[{"taxonomy":"product_brand","embeddable":true,"href":"https:\/\/info-n.com\/tn\/wp-json\/wp\/v2\/product_brand?post=2880"},{"taxonomy":"product_cat","embeddable":true,"href":"https:\/\/info-n.com\/tn\/wp-json\/wp\/v2\/product_cat?post=2880"},{"taxonomy":"product_tag","embeddable":true,"href":"https:\/\/info-n.com\/tn\/wp-json\/wp\/v2\/product_tag?post=2880"}],"curies":[{"name":"wp","href":"https:\/\/api.w.org\/{rel}","templated":true}]}}