{"id":2886,"date":"2026-03-23T16:53:45","date_gmt":"2026-03-23T15:53:45","guid":{"rendered":"https:\/\/info-n.com\/?post_type=product&#038;p=2886"},"modified":"2026-04-18T13:21:14","modified_gmt":"2026-04-18T12:21:14","slug":"cable-de-charge-rapide-et-de-donnees-type-c-iconix-ic-uc1635-pd-60w","status":"publish","type":"product","link":"https:\/\/info-n.com\/tn\/shop\/cable-de-charge-rapide-et-de-donnees-type-c-iconix-ic-uc1635-pd-60w\/","title":{"rendered":"C\u00e2ble de charge rapide et de donn\u00e9es Type-C ICONIX IC-UC1635 PD 60W"},"content":{"rendered":"<p>Le c\u00e2ble ICONIX IC-UC1635 offre une charge ultra-rapide PD 60W et une synchronisation de donn\u00e9es haute performance &#8211; Mod\u00e8le : ICONIX IC-UC1635 &#8211; Type : C\u00e2ble de charge rapide et transfert de donn\u00e9es (USB-C vers USB-C) &#8211; Puissance : 60W (Power Delivery) &#8211; Mat\u00e9riau : Gaine renforc\u00e9e haute durabilit\u00e9 &#8211; Connectique : Connecteurs anti-oxydation et anti-torsion &#8211; Longueur : 1 m\u00e8tre &#8211; Compatibilit\u00e9 : Smartphones, tablettes et ordinateurs portables avec port USB-C.<\/p>\n","protected":false},"excerpt":{"rendered":"<p>Le c\u00e2ble ICONIX IC-UC1635 est un c\u00e2ble de charge ultra-rapide et de synchronisation de donn\u00e9es haute performance, con\u00e7u pour les appareils utilisant une connectique USB-C vers USB-C.<\/p>\n","protected":false},"featured_media":2308,"template":"","meta":[],"product_brand":[337],"product_cat":[697,297],"product_tag":[72,134,135,156,159,161,163,195,196,1790,246,338,1793,1909,1792,659,1791,1794],"class_list":{"0":"post-2886","1":"product","2":"type-product","3":"status-publish","4":"has-post-thumbnail","6":"product_brand-iconix","7":"product_cat-cable-chargeur","8":"product_cat-promo","9":"product_tag-60w","10":"product_tag-cable-charge","11":"product_tag-cable-chargeur","12":"product_tag-cable-smartphone","13":"product_tag-cable-type-c","14":"product_tag-cable-type-c-type-c","15":"product_tag-cable-usb","16":"product_tag-charge","17":"product_tag-chargeur","18":"product_tag-charging-cable","19":"product_tag-data","20":"product_tag-iconix","21":"product_tag-smartphone-charger-cable","22":"product_tag-tunisie","23":"product_tag-usb-cable","24":"product_tag-usb-c","25":"product_tag-1791","26":"product_tag-1794","28":"first","29":"instock","30":"sale","31":"taxable","32":"shipping-taxable","33":"purchasable","34":"product-type-simple"},"aioseo_notices":[],"_links":{"self":[{"href":"https:\/\/info-n.com\/tn\/wp-json\/wp\/v2\/product\/2886","targetHints":{"allow":["GET"]}}],"collection":[{"href":"https:\/\/info-n.com\/tn\/wp-json\/wp\/v2\/product"}],"about":[{"href":"https:\/\/info-n.com\/tn\/wp-json\/wp\/v2\/types\/product"}],"wp:featuredmedia":[{"embeddable":true,"href":"https:\/\/info-n.com\/tn\/wp-json\/wp\/v2\/media\/2308"}],"wp:attachment":[{"href":"https:\/\/info-n.com\/tn\/wp-json\/wp\/v2\/media?parent=2886"}],"wp:term":[{"taxonomy":"product_brand","embeddable":true,"href":"https:\/\/info-n.com\/tn\/wp-json\/wp\/v2\/product_brand?post=2886"},{"taxonomy":"product_cat","embeddable":true,"href":"https:\/\/info-n.com\/tn\/wp-json\/wp\/v2\/product_cat?post=2886"},{"taxonomy":"product_tag","embeddable":true,"href":"https:\/\/info-n.com\/tn\/wp-json\/wp\/v2\/product_tag?post=2886"}],"curies":[{"name":"wp","href":"https:\/\/api.w.org\/{rel}","templated":true}]}}