{"id":2888,"date":"2026-03-23T16:58:40","date_gmt":"2026-03-23T15:58:40","guid":{"rendered":"https:\/\/info-n.com\/?post_type=product&#038;p=2888"},"modified":"2026-04-18T13:15:24","modified_gmt":"2026-04-18T12:15:24","slug":"casque-sans-fil-kids-stn-28-bluetooth-carte-memoire-violet","status":"publish","type":"product","link":"https:\/\/info-n.com\/tn\/shop\/casque-sans-fil-kids-stn-28-bluetooth-carte-memoire-violet\/","title":{"rendered":"Casque Sans Fil Kids STN-28 Bluetooth &#038; Carte M\u00e9moire &#8211; Violet"},"content":{"rendered":"<p>Casque Sans Fil Kids STN-28 Bluetooth &#038; Carte M\u00e9moire &#8211; Connectivit\u00e9 : Bluetooth 5.1 + Slot carte TF\/MicroSD &#8211; Batterie : 400 mAh &#8211; Autonomie : 6-8 heures musique &#8211; Charge : 1-2 heures &#8211; \u00c9tanch\u00e9it\u00e9 : IPX-4 &#8211; Design : Oreilles de chat LED multicolores, pliable, coussinets confortables &#8211; Fonctions : R\u00e9duction de bruit, microphone int\u00e9gr\u00e9, contr\u00f4le volume &#8211; Compatibilit\u00e9 : Smartphones, tablettes, PC &#8211; Usage : Enfants, musique, jeux, voyages, appels<\/p>\n","protected":false},"excerpt":{"rendered":"<p>Le casque sans fil STN-28 est un mod\u00e8le sp\u00e9cialement con\u00e7u pour les enfants, imm\u00e9diatement reconnaissable \u00e0 ses oreilles de chat et ses motifs de pattes int\u00e9grants des lumi\u00e8res LED RGB color\u00e9es.<\/p>\n","protected":false},"featured_media":2346,"template":"","meta":[],"product_brand":[],"product_cat":[704,297],"product_tag":[1585,1582,116,175,1505,177,178,181,1587,190,191,257,259,262,1586,368,1583,1589,456,1579,499,1580,545,592,1909,1577,1581,1584,1588,1511,1578,1570,1590],"class_list":{"0":"post-2888","1":"product","2":"type-product","3":"status-publish","4":"has-post-thumbnail","6":"product_cat-casque-sans-fil","7":"product_cat-promo","8":"product_tag-audio-headset","9":"product_tag-autonomie-longue-duree","10":"product_tag-bluetooth","11":"product_tag-casque","12":"product_tag-casque-audio","13":"product_tag-casque-bluetooth","14":"product_tag-casque-bt","15":"product_tag-casque-enfant","16":"product_tag-casque-gaming-sans-fil","17":"product_tag-casque-sans-fil","18":"product_tag-casque-stn-28","19":"product_tag-ecouteur","20":"product_tag-ecouteur-bluetooth","21":"product_tag-ecouteur-sans-fil","22":"product_tag-gaming-headset-wireless","23":"product_tag-kids","24":"product_tag-long-battery-life","25":"product_tag-music-headphones","26":"product_tag-musique","27":"product_tag-noise-cancelling","28":"product_tag-promotion","29":"product_tag-reduction-de-bruit","30":"product_tag-sans-fil","31":"product_tag-stn-28","32":"product_tag-tunisie","33":"product_tag-wireless-headphones","34":"product_tag-1581","35":"product_tag-1584","36":"product_tag-1588","37":"product_tag-1511","38":"product_tag-1578","39":"product_tag-1570","40":"product_tag-1590","42":"first","43":"instock","44":"sale","45":"featured","46":"taxable","47":"shipping-taxable","48":"purchasable","49":"product-type-simple"},"aioseo_notices":[],"_links":{"self":[{"href":"https:\/\/info-n.com\/tn\/wp-json\/wp\/v2\/product\/2888","targetHints":{"allow":["GET"]}}],"collection":[{"href":"https:\/\/info-n.com\/tn\/wp-json\/wp\/v2\/product"}],"about":[{"href":"https:\/\/info-n.com\/tn\/wp-json\/wp\/v2\/types\/product"}],"wp:featuredmedia":[{"embeddable":true,"href":"https:\/\/info-n.com\/tn\/wp-json\/wp\/v2\/media\/2346"}],"wp:attachment":[{"href":"https:\/\/info-n.com\/tn\/wp-json\/wp\/v2\/media?parent=2888"}],"wp:term":[{"taxonomy":"product_brand","embeddable":true,"href":"https:\/\/info-n.com\/tn\/wp-json\/wp\/v2\/product_brand?post=2888"},{"taxonomy":"product_cat","embeddable":true,"href":"https:\/\/info-n.com\/tn\/wp-json\/wp\/v2\/product_cat?post=2888"},{"taxonomy":"product_tag","embeddable":true,"href":"https:\/\/info-n.com\/tn\/wp-json\/wp\/v2\/product_tag?post=2888"}],"curies":[{"name":"wp","href":"https:\/\/api.w.org\/{rel}","templated":true}]}}