{"id":2889,"date":"2026-03-23T17:01:28","date_gmt":"2026-03-23T16:01:28","guid":{"rendered":"https:\/\/info-n.com\/?post_type=product&#038;p=2889"},"modified":"2026-04-15T16:26:11","modified_gmt":"2026-04-15T15:26:11","slug":"ensemble-clavier-souris-usb-gamer-star-wave-gcm1093","status":"publish","type":"product","link":"https:\/\/info-n.com\/tn\/shop\/ensemble-clavier-souris-usb-gamer-star-wave-gcm1093\/","title":{"rendered":"Ensemble Clavier &#038; Souris USB Gamer STAR WAVE GCM1093"},"content":{"rendered":"<p>Ensemble Clavier &#038; Souris USB Gamer STAR WAVE GCM1093 &#8211; Clavier : Technologie \u00e0 membrane &#8211; Norme AZERTY &#8211; \u00c9clairage RGB &#8211; Souris : Capteur optique 2400 DPI &#8211; R\u00e9tro\u00e9clairage Rainbow &#8211; G\u00e9n\u00e9ral : Connexion USB filaire &#8211; Couleur Noir<\/p>\n","protected":false},"excerpt":{"rendered":"<p>L&rsquo;ensemble clavier et souris gamer filaire STAR WAVE GCM1093 est un pack d&rsquo;entr\u00e9e de gamme con\u00e7u pour les joueurs au budget serr\u00e9, offrant une esth\u00e9tique moderne gr\u00e2ce \u00e0 son r\u00e9tro\u00e9clairage RGB. Le clavier \u00e0 membrane, disponible en disposition AZERTY, dispose d&rsquo;un \u00e9clairage RGB fixe, tandis que la souris optique, avec une r\u00e9solution allant jusqu&rsquo;\u00e0 2400 DPI, b\u00e9n\u00e9ficie d&rsquo;un \u00e9clairage \u00ab\u00a0Rainbow\u00a0\u00bb.<\/p>\n","protected":false},"featured_media":2441,"template":"","meta":[],"product_brand":[588],"product_cat":[713,468],"product_tag":[240,241,276,277,467,469,1909],"class_list":{"0":"post-2889","1":"product","2":"type-product","3":"status-publish","4":"has-post-thumbnail","6":"product_brand-star-wave","7":"product_cat-gaming","8":"product_cat-combo","9":"product_tag-combo","10":"product_tag-combo-clavier-et-souris","11":"product_tag-ensemble","12":"product_tag-ensemble-clavier-et-souris","13":"product_tag-pack","14":"product_tag-pack-clavier-et-souris","15":"product_tag-tunisie","17":"first","18":"instock","19":"taxable","20":"shipping-taxable","21":"purchasable","22":"product-type-simple"},"aioseo_notices":[],"_links":{"self":[{"href":"https:\/\/info-n.com\/tn\/wp-json\/wp\/v2\/product\/2889","targetHints":{"allow":["GET"]}}],"collection":[{"href":"https:\/\/info-n.com\/tn\/wp-json\/wp\/v2\/product"}],"about":[{"href":"https:\/\/info-n.com\/tn\/wp-json\/wp\/v2\/types\/product"}],"wp:featuredmedia":[{"embeddable":true,"href":"https:\/\/info-n.com\/tn\/wp-json\/wp\/v2\/media\/2441"}],"wp:attachment":[{"href":"https:\/\/info-n.com\/tn\/wp-json\/wp\/v2\/media?parent=2889"}],"wp:term":[{"taxonomy":"product_brand","embeddable":true,"href":"https:\/\/info-n.com\/tn\/wp-json\/wp\/v2\/product_brand?post=2889"},{"taxonomy":"product_cat","embeddable":true,"href":"https:\/\/info-n.com\/tn\/wp-json\/wp\/v2\/product_cat?post=2889"},{"taxonomy":"product_tag","embeddable":true,"href":"https:\/\/info-n.com\/tn\/wp-json\/wp\/v2\/product_tag?post=2889"}],"curies":[{"name":"wp","href":"https:\/\/api.w.org\/{rel}","templated":true}]}}