{"id":2893,"date":"2026-03-23T17:07:16","date_gmt":"2026-03-23T16:07:16","guid":{"rendered":"https:\/\/info-n.com\/?post_type=product&#038;p=2893"},"modified":"2026-04-16T15:56:06","modified_gmt":"2026-04-16T14:56:06","slug":"ensemble-clavier-souris-usb-gamer-jedel-gk112","status":"publish","type":"product","link":"https:\/\/info-n.com\/tn\/shop\/ensemble-clavier-souris-usb-gamer-jedel-gk112\/","title":{"rendered":"Ensemble Clavier &#038; Souris USB Gamer JEDEL GK112"},"content":{"rendered":"<p>Ensemble Clavier &#038; Souris USB Gamer JEDEL GK112 &#8211; Clavier : 445x140x30mm &#8211; 104 touches &#8211; R\u00e9tro\u00e9clairage Rainbow RGB &#8211; Touches multim\u00e9dias &#038; Internet &#8211; Pav\u00e9 num\u00e9rique &#8211; Souris : Capteur optique 1000 DPI &#8211; 3 boutons &#8211; Design ergonomique &#8211; G\u00e9n\u00e9ral : Connexion USB filaire (c\u00e2ble 1,5m) &#8211; Plug &#038; Play &#8211; Noir.<\/p>\n","protected":false},"excerpt":{"rendered":"<p>L&rsquo;ensemble clavier et souris gamer filaire JEDEL GK112 est un combo d&rsquo;entr\u00e9e de gamme offrant une connectivit\u00e9 USB Plug and Play, un r\u00e9tro\u00e9clairage RGB pour la souris, et des touches multim\u00e9dia.<\/p>\n","protected":false},"featured_media":2442,"template":"","meta":[],"product_brand":[354],"product_cat":[713,468],"product_tag":[240,241,276,277,300,355,467,469,499,1909],"class_list":{"0":"post-2893","1":"product","2":"type-product","3":"status-publish","4":"has-post-thumbnail","6":"product_brand-jedel","7":"product_cat-gaming","8":"product_cat-combo","9":"product_tag-combo","10":"product_tag-combo-clavier-et-souris","11":"product_tag-ensemble","12":"product_tag-ensemble-clavier-et-souris","13":"product_tag-gamer","14":"product_tag-jedel","15":"product_tag-pack","16":"product_tag-pack-clavier-et-souris","17":"product_tag-promotion","18":"product_tag-tunisie","20":"first","21":"instock","22":"sale","23":"taxable","24":"shipping-taxable","25":"purchasable","26":"product-type-simple"},"aioseo_notices":[],"_links":{"self":[{"href":"https:\/\/info-n.com\/tn\/wp-json\/wp\/v2\/product\/2893","targetHints":{"allow":["GET"]}}],"collection":[{"href":"https:\/\/info-n.com\/tn\/wp-json\/wp\/v2\/product"}],"about":[{"href":"https:\/\/info-n.com\/tn\/wp-json\/wp\/v2\/types\/product"}],"wp:featuredmedia":[{"embeddable":true,"href":"https:\/\/info-n.com\/tn\/wp-json\/wp\/v2\/media\/2442"}],"wp:attachment":[{"href":"https:\/\/info-n.com\/tn\/wp-json\/wp\/v2\/media?parent=2893"}],"wp:term":[{"taxonomy":"product_brand","embeddable":true,"href":"https:\/\/info-n.com\/tn\/wp-json\/wp\/v2\/product_brand?post=2893"},{"taxonomy":"product_cat","embeddable":true,"href":"https:\/\/info-n.com\/tn\/wp-json\/wp\/v2\/product_cat?post=2893"},{"taxonomy":"product_tag","embeddable":true,"href":"https:\/\/info-n.com\/tn\/wp-json\/wp\/v2\/product_tag?post=2893"}],"curies":[{"name":"wp","href":"https:\/\/api.w.org\/{rel}","templated":true}]}}