{"id":2895,"date":"2026-03-23T17:13:43","date_gmt":"2026-03-23T16:13:43","guid":{"rendered":"https:\/\/info-n.com\/?post_type=product&#038;p=2895"},"modified":"2026-04-15T16:24:20","modified_gmt":"2026-04-15T15:24:20","slug":"ensemble-clavier-souris-sans-fil-usb-spider-mt380","status":"publish","type":"product","link":"https:\/\/info-n.com\/tn\/shop\/ensemble-clavier-souris-sans-fil-usb-spider-mt380\/","title":{"rendered":"Ensemble Clavier &#038; Souris Sans Fil USB SPIDER MT380"},"content":{"rendered":"<p>Ensemble Clavier &#038; Souris Sans Fil USB SPIDER MT380 &#8211; Clavier : Touches confortables et silencieuses &#8211; Souris : Ergonomique &#8211; Capteur optique &#8211; G\u00e9n\u00e9ral : Sans fil 2,4 GHz &#8211; R\u00e9cepteur USB unique &#8211; Plug &#038; Play &#8211; Compatible Windows\/Mac\/Linux &#8211; Couleur Noir<\/p>\n","protected":false},"excerpt":{"rendered":"<p>Ensemble Clavier &amp; Souris Sans Fil USB SPIDER MT380<\/p>\n","protected":false},"featured_media":2896,"template":"","meta":[],"product_brand":[584],"product_cat":[468],"product_tag":[116,240,241,276,277,467,469,545,585,1909],"class_list":{"0":"post-2895","1":"product","2":"type-product","3":"status-publish","4":"has-post-thumbnail","6":"product_brand-spider","7":"product_cat-combo","8":"product_tag-bluetooth","9":"product_tag-combo","10":"product_tag-combo-clavier-et-souris","11":"product_tag-ensemble","12":"product_tag-ensemble-clavier-et-souris","13":"product_tag-pack","14":"product_tag-pack-clavier-et-souris","15":"product_tag-sans-fil","16":"product_tag-spider","17":"product_tag-tunisie","19":"first","20":"instock","21":"sale","22":"taxable","23":"shipping-taxable","24":"purchasable","25":"product-type-simple"},"aioseo_notices":[],"_links":{"self":[{"href":"https:\/\/info-n.com\/tn\/wp-json\/wp\/v2\/product\/2895","targetHints":{"allow":["GET"]}}],"collection":[{"href":"https:\/\/info-n.com\/tn\/wp-json\/wp\/v2\/product"}],"about":[{"href":"https:\/\/info-n.com\/tn\/wp-json\/wp\/v2\/types\/product"}],"wp:featuredmedia":[{"embeddable":true,"href":"https:\/\/info-n.com\/tn\/wp-json\/wp\/v2\/media\/2896"}],"wp:attachment":[{"href":"https:\/\/info-n.com\/tn\/wp-json\/wp\/v2\/media?parent=2895"}],"wp:term":[{"taxonomy":"product_brand","embeddable":true,"href":"https:\/\/info-n.com\/tn\/wp-json\/wp\/v2\/product_brand?post=2895"},{"taxonomy":"product_cat","embeddable":true,"href":"https:\/\/info-n.com\/tn\/wp-json\/wp\/v2\/product_cat?post=2895"},{"taxonomy":"product_tag","embeddable":true,"href":"https:\/\/info-n.com\/tn\/wp-json\/wp\/v2\/product_tag?post=2895"}],"curies":[{"name":"wp","href":"https:\/\/api.w.org\/{rel}","templated":true}]}}