{"id":2897,"date":"2026-03-23T17:14:59","date_gmt":"2026-03-23T16:14:59","guid":{"rendered":"https:\/\/info-n.com\/?post_type=product&#038;p=2897"},"modified":"2026-04-15T18:40:34","modified_gmt":"2026-04-15T17:40:34","slug":"souris-optique-filaire-spider-m835","status":"publish","type":"product","link":"https:\/\/info-n.com\/tn\/shop\/souris-optique-filaire-spider-m835\/","title":{"rendered":"Souris Optique Filaire SPIDER M835"},"content":{"rendered":"<p>Souris Optique Filaire SPIDER M835 &#8211; Type : Optique filaire &#8211; Capteur : 800 DPI &#8211; Boutons : 3 (clic gauche, droit, molette) &#8211; Connectivit\u00e9 : USB &#8211; \u00c9clairage : LED int\u00e9gr\u00e9e &#8211; Design : Ergonomique &#8211; Couleur : Noir<\/p>\n","protected":false},"excerpt":{"rendered":"<p>La souris optique filaire SPIDER M835 est une souris de bureautique simple et fiable, offrant une pr\u00e9cision de 800 DPI et une conception ergonomique ambidextre pour une utilisation quotidienne.<\/p>\n","protected":false},"featured_media":2493,"template":"","meta":[],"product_brand":[584],"product_cat":[570],"product_tag":[1883,450,569,573,574,575,576,1886,1885,580,585,1909,1884],"class_list":{"0":"post-2897","1":"product","2":"type-product","3":"status-publish","4":"has-post-thumbnail","6":"product_brand-spider","7":"product_cat-souris","8":"product_tag-computer-mouse","9":"product_tag-mouse","10":"product_tag-souris","11":"product_tag-souris-filaire","12":"product_tag-souris-optique-filaire","13":"product_tag-souris-ordinateur","14":"product_tag-souris-pc","15":"product_tag-souris-phone","16":"product_tag-souris-smartphone","17":"product_tag-souris-usb","18":"product_tag-spider","19":"product_tag-tunisie","20":"product_tag-1884","22":"first","23":"instock","24":"sale","25":"taxable","26":"shipping-taxable","27":"purchasable","28":"product-type-simple"},"aioseo_notices":[],"_links":{"self":[{"href":"https:\/\/info-n.com\/tn\/wp-json\/wp\/v2\/product\/2897","targetHints":{"allow":["GET"]}}],"collection":[{"href":"https:\/\/info-n.com\/tn\/wp-json\/wp\/v2\/product"}],"about":[{"href":"https:\/\/info-n.com\/tn\/wp-json\/wp\/v2\/types\/product"}],"wp:featuredmedia":[{"embeddable":true,"href":"https:\/\/info-n.com\/tn\/wp-json\/wp\/v2\/media\/2493"}],"wp:attachment":[{"href":"https:\/\/info-n.com\/tn\/wp-json\/wp\/v2\/media?parent=2897"}],"wp:term":[{"taxonomy":"product_brand","embeddable":true,"href":"https:\/\/info-n.com\/tn\/wp-json\/wp\/v2\/product_brand?post=2897"},{"taxonomy":"product_cat","embeddable":true,"href":"https:\/\/info-n.com\/tn\/wp-json\/wp\/v2\/product_cat?post=2897"},{"taxonomy":"product_tag","embeddable":true,"href":"https:\/\/info-n.com\/tn\/wp-json\/wp\/v2\/product_tag?post=2897"}],"curies":[{"name":"wp","href":"https:\/\/api.w.org\/{rel}","templated":true}]}}