{"id":2898,"date":"2026-03-23T17:16:20","date_gmt":"2026-03-23T16:16:20","guid":{"rendered":"https:\/\/info-n.com\/?post_type=product&#038;p=2898"},"modified":"2026-04-15T18:38:53","modified_gmt":"2026-04-15T17:38:53","slug":"souris-optique-filaire-logitech-b100","status":"publish","type":"product","link":"https:\/\/info-n.com\/tn\/shop\/souris-optique-filaire-logitech-b100\/","title":{"rendered":"Souris Optique Filaire LOGITECH B100"},"content":{"rendered":"<p>Souris Optique Filaire LOGITECH B100 &#8211; Type : Optique filaire &#8211; R\u00e9solution : 800 DPI &#8211; Connectivit\u00e9 : USB &#8211; Boutons : 3 (clic gauche, droit et molette) &#8211; Design : Ambidextre &#8211; Compatibilit\u00e9 : Windows, macOS et Linux &#8211; Couleur : Noir<\/p>\n","protected":false},"excerpt":{"rendered":"<p>La souris optique filaire LOGITECH B100 est une souris de bureautique simple et fiable, offrant une pr\u00e9cision de 800 DPI et une conception ergonomique ambidextre pour une utilisation quotidienne.<\/p>\n","protected":false},"featured_media":2491,"template":"","meta":[],"product_brand":[395],"product_cat":[570],"product_tag":[1883,396,450,569,573,574,575,576,1886,1885,580,1909,1884],"class_list":{"0":"post-2898","1":"product","2":"type-product","3":"status-publish","4":"has-post-thumbnail","6":"product_brand-logitech","7":"product_cat-souris","8":"product_tag-computer-mouse","9":"product_tag-logitech","10":"product_tag-mouse","11":"product_tag-souris","12":"product_tag-souris-filaire","13":"product_tag-souris-optique-filaire","14":"product_tag-souris-ordinateur","15":"product_tag-souris-pc","16":"product_tag-souris-phone","17":"product_tag-souris-smartphone","18":"product_tag-souris-usb","19":"product_tag-tunisie","20":"product_tag-1884","22":"first","23":"instock","24":"taxable","25":"shipping-taxable","26":"purchasable","27":"product-type-simple"},"aioseo_notices":[],"_links":{"self":[{"href":"https:\/\/info-n.com\/tn\/wp-json\/wp\/v2\/product\/2898","targetHints":{"allow":["GET"]}}],"collection":[{"href":"https:\/\/info-n.com\/tn\/wp-json\/wp\/v2\/product"}],"about":[{"href":"https:\/\/info-n.com\/tn\/wp-json\/wp\/v2\/types\/product"}],"wp:featuredmedia":[{"embeddable":true,"href":"https:\/\/info-n.com\/tn\/wp-json\/wp\/v2\/media\/2491"}],"wp:attachment":[{"href":"https:\/\/info-n.com\/tn\/wp-json\/wp\/v2\/media?parent=2898"}],"wp:term":[{"taxonomy":"product_brand","embeddable":true,"href":"https:\/\/info-n.com\/tn\/wp-json\/wp\/v2\/product_brand?post=2898"},{"taxonomy":"product_cat","embeddable":true,"href":"https:\/\/info-n.com\/tn\/wp-json\/wp\/v2\/product_cat?post=2898"},{"taxonomy":"product_tag","embeddable":true,"href":"https:\/\/info-n.com\/tn\/wp-json\/wp\/v2\/product_tag?post=2898"}],"curies":[{"name":"wp","href":"https:\/\/api.w.org\/{rel}","templated":true}]}}