{"id":2899,"date":"2026-03-23T17:17:19","date_gmt":"2026-03-23T16:17:19","guid":{"rendered":"https:\/\/info-n.com\/?post_type=product&#038;p=2899"},"modified":"2026-04-15T18:32:54","modified_gmt":"2026-04-15T17:32:54","slug":"souris-optique-filaire-advance-gta-210-gamer","status":"publish","type":"product","link":"https:\/\/info-n.com\/tn\/shop\/souris-optique-filaire-advance-gta-210-gamer\/","title":{"rendered":"Souris Optique Filaire ADVANCE GTA-210 Gamer"},"content":{"rendered":"<p>Souris Optique Filaire ADVANCE GTA-210 &#8211; Type : Optique Gamer &#8211; R\u00e9tro\u00e9clairage : RGB (5 modes) &#8211; R\u00e9solution : 2400 dpi &#8211; Boutons : 6 &#8211; Patins : 3 antid\u00e9rapants &#8211; C\u00e2ble : 1,50 m &#8211; Dimensions : 124 x 68 x 39 mm &#8211; Poids : 90 g &#8211; Compatibilit\u00e9 : Windows et MacOS &#8211; Garantie : 1 an<\/p>\n","protected":false},"excerpt":{"rendered":"<p>La souris optique filaire ADVANCE GTA-210 Gamer est une souris de jeu d&rsquo;entr\u00e9e de gamme offrant un capteur pr\u00e9cis jusqu&rsquo;\u00e0 2400 DPI, un r\u00e9tro\u00e9clairage RGB avec 5 modes et une connectivit\u00e9 filaire fiable.<\/p>\n","protected":false},"featured_media":2486,"template":"","meta":[],"product_brand":[87],"product_cat":[713,570],"product_tag":[88,1883,300,450,569,573,574,575,576,1886,1885,580,1909,1884],"class_list":{"0":"post-2899","1":"product","2":"type-product","3":"status-publish","4":"has-post-thumbnail","6":"product_brand-advance","7":"product_cat-gaming","8":"product_cat-souris","9":"product_tag-advance","10":"product_tag-computer-mouse","11":"product_tag-gamer","12":"product_tag-mouse","13":"product_tag-souris","14":"product_tag-souris-filaire","15":"product_tag-souris-optique-filaire","16":"product_tag-souris-ordinateur","17":"product_tag-souris-pc","18":"product_tag-souris-phone","19":"product_tag-souris-smartphone","20":"product_tag-souris-usb","21":"product_tag-tunisie","22":"product_tag-1884","24":"first","25":"instock","26":"taxable","27":"shipping-taxable","28":"purchasable","29":"product-type-simple"},"aioseo_notices":[],"_links":{"self":[{"href":"https:\/\/info-n.com\/tn\/wp-json\/wp\/v2\/product\/2899","targetHints":{"allow":["GET"]}}],"collection":[{"href":"https:\/\/info-n.com\/tn\/wp-json\/wp\/v2\/product"}],"about":[{"href":"https:\/\/info-n.com\/tn\/wp-json\/wp\/v2\/types\/product"}],"wp:featuredmedia":[{"embeddable":true,"href":"https:\/\/info-n.com\/tn\/wp-json\/wp\/v2\/media\/2486"}],"wp:attachment":[{"href":"https:\/\/info-n.com\/tn\/wp-json\/wp\/v2\/media?parent=2899"}],"wp:term":[{"taxonomy":"product_brand","embeddable":true,"href":"https:\/\/info-n.com\/tn\/wp-json\/wp\/v2\/product_brand?post=2899"},{"taxonomy":"product_cat","embeddable":true,"href":"https:\/\/info-n.com\/tn\/wp-json\/wp\/v2\/product_cat?post=2899"},{"taxonomy":"product_tag","embeddable":true,"href":"https:\/\/info-n.com\/tn\/wp-json\/wp\/v2\/product_tag?post=2899"}],"curies":[{"name":"wp","href":"https:\/\/api.w.org\/{rel}","templated":true}]}}