{"id":2900,"date":"2026-03-23T17:18:14","date_gmt":"2026-03-23T16:18:14","guid":{"rendered":"https:\/\/info-n.com\/?post_type=product&#038;p=2900"},"modified":"2026-04-15T18:39:57","modified_gmt":"2026-04-15T17:39:57","slug":"souris-optique-filaire-sandberg-631-01","status":"publish","type":"product","link":"https:\/\/info-n.com\/tn\/shop\/souris-optique-filaire-sandberg-631-01\/","title":{"rendered":"Souris Optique Filaire SANDBERG 631-01"},"content":{"rendered":"<p>Souris Optique Filaire SANDBERG 631-01 &#8211; Type : Optique filaire &#8211; R\u00e9solution : 1000 DPI &#8211; Connectivit\u00e9 : USB &#8211; Boutons : 3 (clic gauche, droit et molette) &#8211; Design : Ergonomique et ambidextre &#8211; C\u00e2ble : 1,5 m &#8211; Couleur : Noir<\/p>\n","protected":false},"excerpt":{"rendered":"<p>La souris optique filaire SANDBERG 631-01 est une souris de bureautique simple et fiable, offrant une pr\u00e9cision de 1200 DPI et une conception ergonomique ambidextre pour une utilisation quotidienne.<\/p>\n","protected":false},"featured_media":2492,"template":"","meta":[],"product_brand":[541],"product_cat":[570],"product_tag":[1883,450,542,569,573,574,575,576,1886,1885,580,1909,1884],"class_list":{"0":"post-2900","1":"product","2":"type-product","3":"status-publish","4":"has-post-thumbnail","6":"product_brand-sandberg","7":"product_cat-souris","8":"product_tag-computer-mouse","9":"product_tag-mouse","10":"product_tag-sandberg","11":"product_tag-souris","12":"product_tag-souris-filaire","13":"product_tag-souris-optique-filaire","14":"product_tag-souris-ordinateur","15":"product_tag-souris-pc","16":"product_tag-souris-phone","17":"product_tag-souris-smartphone","18":"product_tag-souris-usb","19":"product_tag-tunisie","20":"product_tag-1884","22":"first","23":"instock","24":"sale","25":"taxable","26":"shipping-taxable","27":"purchasable","28":"product-type-simple"},"aioseo_notices":[],"_links":{"self":[{"href":"https:\/\/info-n.com\/tn\/wp-json\/wp\/v2\/product\/2900","targetHints":{"allow":["GET"]}}],"collection":[{"href":"https:\/\/info-n.com\/tn\/wp-json\/wp\/v2\/product"}],"about":[{"href":"https:\/\/info-n.com\/tn\/wp-json\/wp\/v2\/types\/product"}],"wp:featuredmedia":[{"embeddable":true,"href":"https:\/\/info-n.com\/tn\/wp-json\/wp\/v2\/media\/2492"}],"wp:attachment":[{"href":"https:\/\/info-n.com\/tn\/wp-json\/wp\/v2\/media?parent=2900"}],"wp:term":[{"taxonomy":"product_brand","embeddable":true,"href":"https:\/\/info-n.com\/tn\/wp-json\/wp\/v2\/product_brand?post=2900"},{"taxonomy":"product_cat","embeddable":true,"href":"https:\/\/info-n.com\/tn\/wp-json\/wp\/v2\/product_cat?post=2900"},{"taxonomy":"product_tag","embeddable":true,"href":"https:\/\/info-n.com\/tn\/wp-json\/wp\/v2\/product_tag?post=2900"}],"curies":[{"name":"wp","href":"https:\/\/api.w.org\/{rel}","templated":true}]}}