{"id":2901,"date":"2026-03-23T17:19:15","date_gmt":"2026-03-23T16:19:15","guid":{"rendered":"https:\/\/info-n.com\/?post_type=product&#038;p=2901"},"modified":"2026-04-15T18:38:15","modified_gmt":"2026-04-15T17:38:15","slug":"souris-optique-filaire-jedel-cp72","status":"publish","type":"product","link":"https:\/\/info-n.com\/tn\/shop\/souris-optique-filaire-jedel-cp72\/","title":{"rendered":"Souris Optique Filaire JEDEL CP72"},"content":{"rendered":"<p>Souris Optique Filaire JEDEL CP72 &#8211; Type : Optique filaire &#8211; Capteur : 1000 DPI &#8211; Boutons : 3 (clic gauche, droit et molette) &#8211; Connectivit\u00e9 : USB 2.0 &#8211; Design : Ambidextre et ergonomique &#8211; C\u00e2ble : 1,2 m &#8211; Couleur : Noir<\/p>\n","protected":false},"excerpt":{"rendered":"<p>La souris optique filaire JEDEL CP72 est un mod\u00e8le de base, fiable et simple, , offrant une pr\u00e9cision de 1600 DPI, id\u00e9al pour les t\u00e2ches bureautiques quotidiennes gr\u00e2ce \u00e0 son capteur optique et sa conception ambidextre.<\/p>\n","protected":false},"featured_media":2490,"template":"","meta":[],"product_brand":[354],"product_cat":[570],"product_tag":[1883,355,450,569,573,574,575,576,1886,1885,580,1909,1884],"class_list":{"0":"post-2901","1":"product","2":"type-product","3":"status-publish","4":"has-post-thumbnail","6":"product_brand-jedel","7":"product_cat-souris","8":"product_tag-computer-mouse","9":"product_tag-jedel","10":"product_tag-mouse","11":"product_tag-souris","12":"product_tag-souris-filaire","13":"product_tag-souris-optique-filaire","14":"product_tag-souris-ordinateur","15":"product_tag-souris-pc","16":"product_tag-souris-phone","17":"product_tag-souris-smartphone","18":"product_tag-souris-usb","19":"product_tag-tunisie","20":"product_tag-1884","22":"first","23":"instock","24":"taxable","25":"shipping-taxable","26":"purchasable","27":"product-type-simple"},"aioseo_notices":[],"_links":{"self":[{"href":"https:\/\/info-n.com\/tn\/wp-json\/wp\/v2\/product\/2901","targetHints":{"allow":["GET"]}}],"collection":[{"href":"https:\/\/info-n.com\/tn\/wp-json\/wp\/v2\/product"}],"about":[{"href":"https:\/\/info-n.com\/tn\/wp-json\/wp\/v2\/types\/product"}],"wp:featuredmedia":[{"embeddable":true,"href":"https:\/\/info-n.com\/tn\/wp-json\/wp\/v2\/media\/2490"}],"wp:attachment":[{"href":"https:\/\/info-n.com\/tn\/wp-json\/wp\/v2\/media?parent=2901"}],"wp:term":[{"taxonomy":"product_brand","embeddable":true,"href":"https:\/\/info-n.com\/tn\/wp-json\/wp\/v2\/product_brand?post=2901"},{"taxonomy":"product_cat","embeddable":true,"href":"https:\/\/info-n.com\/tn\/wp-json\/wp\/v2\/product_cat?post=2901"},{"taxonomy":"product_tag","embeddable":true,"href":"https:\/\/info-n.com\/tn\/wp-json\/wp\/v2\/product_tag?post=2901"}],"curies":[{"name":"wp","href":"https:\/\/api.w.org\/{rel}","templated":true}]}}