{"id":2902,"date":"2026-03-23T17:21:54","date_gmt":"2026-03-23T16:21:54","guid":{"rendered":"https:\/\/info-n.com\/?post_type=product&#038;p=2902"},"modified":"2026-04-15T18:34:43","modified_gmt":"2026-04-15T17:34:43","slug":"souris-optique-filaire-biagji-g101-lightsync-gaming-mouse","status":"publish","type":"product","link":"https:\/\/info-n.com\/tn\/shop\/souris-optique-filaire-biagji-g101-lightsync-gaming-mouse\/","title":{"rendered":"Souris Optique Filaire BIAGJI G101 LIGHTSYNC GAMING MOUSE"},"content":{"rendered":"<p>Souris Optique Filaire BIAGJI G101 LIGHTSYNC GAMING MOUSE &#8211; Type : Optique Gamer &#8211; Capteur : 8 000 DPI &#8211; \u00c9clairage : LIGHTSYNC RGB (16,8 millions de couleurs) &#8211; Boutons : 6 programmables &#8211; Technologie : Tension de bouton \u00e0 ressort m\u00e9canique &#8211; Connectivit\u00e9 : USB filaire &#8211; Couleur : Noir<\/p>\n","protected":false},"excerpt":{"rendered":"<p>La souris optique filaire BINGJI G101 LIGHTSYNC Gaming Mouse est une souris de jeu d&rsquo;entr\u00e9e de gamme dot\u00e9e d&rsquo;un \u00e9clairage RGB personnalisable et d&rsquo;un capteur optique de 8 000 DPI.<\/p>\n","protected":false},"featured_media":2487,"template":"","meta":[],"product_brand":[109],"product_cat":[570],"product_tag":[110,1883,300,450,569,573,574,575,576,1886,1885,580,1909,1884],"class_list":{"0":"post-2902","1":"product","2":"type-product","3":"status-publish","4":"has-post-thumbnail","6":"product_brand-biagji","7":"product_cat-souris","8":"product_tag-biagji","9":"product_tag-computer-mouse","10":"product_tag-gamer","11":"product_tag-mouse","12":"product_tag-souris","13":"product_tag-souris-filaire","14":"product_tag-souris-optique-filaire","15":"product_tag-souris-ordinateur","16":"product_tag-souris-pc","17":"product_tag-souris-phone","18":"product_tag-souris-smartphone","19":"product_tag-souris-usb","20":"product_tag-tunisie","21":"product_tag-1884","23":"first","24":"instock","25":"taxable","26":"shipping-taxable","27":"purchasable","28":"product-type-simple"},"aioseo_notices":[],"_links":{"self":[{"href":"https:\/\/info-n.com\/tn\/wp-json\/wp\/v2\/product\/2902","targetHints":{"allow":["GET"]}}],"collection":[{"href":"https:\/\/info-n.com\/tn\/wp-json\/wp\/v2\/product"}],"about":[{"href":"https:\/\/info-n.com\/tn\/wp-json\/wp\/v2\/types\/product"}],"wp:featuredmedia":[{"embeddable":true,"href":"https:\/\/info-n.com\/tn\/wp-json\/wp\/v2\/media\/2487"}],"wp:attachment":[{"href":"https:\/\/info-n.com\/tn\/wp-json\/wp\/v2\/media?parent=2902"}],"wp:term":[{"taxonomy":"product_brand","embeddable":true,"href":"https:\/\/info-n.com\/tn\/wp-json\/wp\/v2\/product_brand?post=2902"},{"taxonomy":"product_cat","embeddable":true,"href":"https:\/\/info-n.com\/tn\/wp-json\/wp\/v2\/product_cat?post=2902"},{"taxonomy":"product_tag","embeddable":true,"href":"https:\/\/info-n.com\/tn\/wp-json\/wp\/v2\/product_tag?post=2902"}],"curies":[{"name":"wp","href":"https:\/\/api.w.org\/{rel}","templated":true}]}}