{"id":2904,"date":"2026-03-23T17:39:12","date_gmt":"2026-03-23T16:39:12","guid":{"rendered":"https:\/\/info-n.com\/?post_type=product&#038;p=2904"},"modified":"2026-04-15T18:40:55","modified_gmt":"2026-04-15T17:40:55","slug":"souris-sans-fil-dell-wm126","status":"publish","type":"product","link":"https:\/\/info-n.com\/tn\/shop\/souris-sans-fil-dell-wm126\/","title":{"rendered":"Souris Sans Fil DELL WM126"},"content":{"rendered":"<p>Souris Sans Fil DELL WM126 &#8211; Type : Optique sans fil (RF 2,4 GHz) &#8211; R\u00e9solution : 1000 DPI &#8211; Boutons : 3 (clic gauche, droit, molette) &#8211; Design : Ambidextre et compact &#8211; Alimentation : 1 pile AA (autonomie jusqu&rsquo;\u00e0 1 an) &#8211; Compatibilit\u00e9 : Windows, macOS, Linux, ChromeOS &#8211; Poids : 58 g<\/p>\n","protected":false},"excerpt":{"rendered":"<p>La souris sans fil Dell WM126 est une souris optique abordable, fiable et pr\u00eate \u00e0 l&#8217;emploi, adapt\u00e9e \u00e0 un usage quotidien.<\/p>\n","protected":false},"featured_media":2494,"template":"","meta":[],"product_brand":[247],"product_cat":[570],"product_tag":[1883,248,450,569,571,572,575,576,1886,578,1885,1909,1884],"class_list":{"0":"post-2904","1":"product","2":"type-product","3":"status-publish","4":"has-post-thumbnail","6":"product_brand-dell","7":"product_cat-souris","8":"product_tag-computer-mouse","9":"product_tag-dell","10":"product_tag-mouse","11":"product_tag-souris","12":"product_tag-souris-bluetooth","13":"product_tag-souris-bt","14":"product_tag-souris-ordinateur","15":"product_tag-souris-pc","16":"product_tag-souris-phone","17":"product_tag-souris-sans-fil","18":"product_tag-souris-smartphone","19":"product_tag-tunisie","20":"product_tag-1884","22":"first","23":"instock","24":"taxable","25":"shipping-taxable","26":"purchasable","27":"product-type-simple"},"aioseo_notices":[],"_links":{"self":[{"href":"https:\/\/info-n.com\/tn\/wp-json\/wp\/v2\/product\/2904","targetHints":{"allow":["GET"]}}],"collection":[{"href":"https:\/\/info-n.com\/tn\/wp-json\/wp\/v2\/product"}],"about":[{"href":"https:\/\/info-n.com\/tn\/wp-json\/wp\/v2\/types\/product"}],"wp:featuredmedia":[{"embeddable":true,"href":"https:\/\/info-n.com\/tn\/wp-json\/wp\/v2\/media\/2494"}],"wp:attachment":[{"href":"https:\/\/info-n.com\/tn\/wp-json\/wp\/v2\/media?parent=2904"}],"wp:term":[{"taxonomy":"product_brand","embeddable":true,"href":"https:\/\/info-n.com\/tn\/wp-json\/wp\/v2\/product_brand?post=2904"},{"taxonomy":"product_cat","embeddable":true,"href":"https:\/\/info-n.com\/tn\/wp-json\/wp\/v2\/product_cat?post=2904"},{"taxonomy":"product_tag","embeddable":true,"href":"https:\/\/info-n.com\/tn\/wp-json\/wp\/v2\/product_tag?post=2904"}],"curies":[{"name":"wp","href":"https:\/\/api.w.org\/{rel}","templated":true}]}}