{"id":2906,"date":"2026-03-23T17:43:15","date_gmt":"2026-03-23T16:43:15","guid":{"rendered":"https:\/\/info-n.com\/?post_type=product&#038;p=2906"},"modified":"2026-04-18T13:21:11","modified_gmt":"2026-04-18T12:21:11","slug":"souris-sans-fil-hama-mw-400","status":"publish","type":"product","link":"https:\/\/info-n.com\/tn\/shop\/souris-sans-fil-hama-mw-400\/","title":{"rendered":"Souris Sans Fil HAMA MW-400"},"content":{"rendered":"<p>Souris Sans Fil HAMA MW-400 &#8211; Type : Optique sans fil (RF 2,4 GHz) &#8211; R\u00e9solution : 800 \/ 1200 \/ 1600 DPI (r\u00e9glable) &#8211; Boutons : 6 (clics silencieux) &#8211; Ergonomie : Droitier &#8211; Alimentation : Piles AAA &#8211; Dimensions : 6,5 x 9,6 x 4,2 cm<\/p>\n","protected":false},"excerpt":{"rendered":"<p>La souris Hama MW-400 est une souris optique sans fil ergonomique dot\u00e9e de 6 boutons, pris\u00e9e pour son confort et son fonctionnement silencieux, id\u00e9ale pour une utilisation bureautique.<\/p>\n","protected":false},"featured_media":2497,"template":"","meta":[],"product_brand":[308],"product_cat":[297,570],"product_tag":[1883,309,451,499,569,571,572,575,576,1886,578,1885,1909,1884],"class_list":{"0":"post-2906","1":"product","2":"type-product","3":"status-publish","4":"has-post-thumbnail","6":"product_brand-hama","7":"product_cat-promo","8":"product_cat-souris","9":"product_tag-computer-mouse","10":"product_tag-hama","11":"product_tag-mousemouse","12":"product_tag-promotion","13":"product_tag-souris","14":"product_tag-souris-bluetooth","15":"product_tag-souris-bt","16":"product_tag-souris-ordinateur","17":"product_tag-souris-pc","18":"product_tag-souris-phone","19":"product_tag-souris-sans-fil","20":"product_tag-souris-smartphone","21":"product_tag-tunisie","22":"product_tag-1884","24":"first","25":"instock","26":"sale","27":"featured","28":"taxable","29":"shipping-taxable","30":"purchasable","31":"product-type-simple"},"aioseo_notices":[],"_links":{"self":[{"href":"https:\/\/info-n.com\/tn\/wp-json\/wp\/v2\/product\/2906","targetHints":{"allow":["GET"]}}],"collection":[{"href":"https:\/\/info-n.com\/tn\/wp-json\/wp\/v2\/product"}],"about":[{"href":"https:\/\/info-n.com\/tn\/wp-json\/wp\/v2\/types\/product"}],"wp:featuredmedia":[{"embeddable":true,"href":"https:\/\/info-n.com\/tn\/wp-json\/wp\/v2\/media\/2497"}],"wp:attachment":[{"href":"https:\/\/info-n.com\/tn\/wp-json\/wp\/v2\/media?parent=2906"}],"wp:term":[{"taxonomy":"product_brand","embeddable":true,"href":"https:\/\/info-n.com\/tn\/wp-json\/wp\/v2\/product_brand?post=2906"},{"taxonomy":"product_cat","embeddable":true,"href":"https:\/\/info-n.com\/tn\/wp-json\/wp\/v2\/product_cat?post=2906"},{"taxonomy":"product_tag","embeddable":true,"href":"https:\/\/info-n.com\/tn\/wp-json\/wp\/v2\/product_tag?post=2906"}],"curies":[{"name":"wp","href":"https:\/\/api.w.org\/{rel}","templated":true}]}}