{"id":2908,"date":"2026-03-23T17:47:50","date_gmt":"2026-03-23T16:47:50","guid":{"rendered":"https:\/\/info-n.com\/?post_type=product&#038;p=2908"},"modified":"2026-04-15T12:32:01","modified_gmt":"2026-04-15T11:32:01","slug":"clavier-sans-fil-bluetooth-advance-smartkeys-ultra-compact-azerty-silencieux","status":"publish","type":"product","link":"https:\/\/info-n.com\/tn\/shop\/clavier-sans-fil-bluetooth-advance-smartkeys-ultra-compact-azerty-silencieux\/","title":{"rendered":"Clavier Sans Fil Bluetooth ADVANCE SMARTKEYS ULTRA COMPACT Azerty Silencieux"},"content":{"rendered":"<p>lavier Sans Fil Bluetooth ADVANCE SMARTKEYS ULTRA COMPACT Azerty &#8211; Connectivit\u00e9 : Bluetooth 5.0 sans fil &#8211; Norme : AZERTY France, 78 touches &#8211; Structure : Aluminium ultra-compact (28.6 x 12.1 x 2.2 cm), poids 285g &#8211; Frappe : Silencieuse, m\u00e9canisme ciseaux membrane &#8211; Batterie : 2x piles AAA &#8211; Compatibilit\u00e9 : Windows, Android, iOS, PC, tablettes, smartphones<\/p>\n","protected":false},"excerpt":{"rendered":"<p>Le clavier sans fil Bluetooth ADVANCE SMARTKEYS ULTRA COMPACT Azerty est un p\u00e9riph\u00e9rique compact et silencieux, con\u00e7u pour la bureautique et le travail nomade, compatible avec les PC, tablettes et smartphones dot\u00e9s de la connectivit\u00e9 Bluetooth.<\/p>\n","protected":false},"featured_media":2404,"template":"","meta":[],"product_brand":[87],"product_cat":[707],"product_tag":[88,212,214,216,217,1859,226,228,1860,367,1909,1861],"class_list":{"0":"post-2908","1":"product","2":"type-product","3":"status-publish","4":"has-post-thumbnail","6":"product_brand-advance","7":"product_cat-clavier","8":"product_tag-advance","9":"product_tag-clavier","10":"product_tag-clavier-advance","11":"product_tag-clavier-bluetooth","12":"product_tag-clavier-dordinateur","13":"product_tag-clavier-pc","14":"product_tag-clavier-sans-fil","15":"product_tag-clavier-tablette","16":"product_tag-computer-keyboard","17":"product_tag-keyboard","18":"product_tag-tunisie","19":"product_tag-1861","21":"first","22":"instock","23":"sale","24":"taxable","25":"shipping-taxable","26":"purchasable","27":"product-type-simple"},"aioseo_notices":[],"_links":{"self":[{"href":"https:\/\/info-n.com\/tn\/wp-json\/wp\/v2\/product\/2908","targetHints":{"allow":["GET"]}}],"collection":[{"href":"https:\/\/info-n.com\/tn\/wp-json\/wp\/v2\/product"}],"about":[{"href":"https:\/\/info-n.com\/tn\/wp-json\/wp\/v2\/types\/product"}],"wp:featuredmedia":[{"embeddable":true,"href":"https:\/\/info-n.com\/tn\/wp-json\/wp\/v2\/media\/2404"}],"wp:attachment":[{"href":"https:\/\/info-n.com\/tn\/wp-json\/wp\/v2\/media?parent=2908"}],"wp:term":[{"taxonomy":"product_brand","embeddable":true,"href":"https:\/\/info-n.com\/tn\/wp-json\/wp\/v2\/product_brand?post=2908"},{"taxonomy":"product_cat","embeddable":true,"href":"https:\/\/info-n.com\/tn\/wp-json\/wp\/v2\/product_cat?post=2908"},{"taxonomy":"product_tag","embeddable":true,"href":"https:\/\/info-n.com\/tn\/wp-json\/wp\/v2\/product_tag?post=2908"}],"curies":[{"name":"wp","href":"https:\/\/api.w.org\/{rel}","templated":true}]}}