{"id":2909,"date":"2026-03-23T17:49:00","date_gmt":"2026-03-23T16:49:00","guid":{"rendered":"https:\/\/info-n.com\/?post_type=product&#038;p=2909"},"modified":"2026-04-15T12:52:55","modified_gmt":"2026-04-15T11:52:55","slug":"clavier-usb-scorpion-20012-azerty-arabise","status":"publish","type":"product","link":"https:\/\/info-n.com\/tn\/shop\/clavier-usb-scorpion-20012-azerty-arabise\/","title":{"rendered":"Clavier USB SCORPION 20012 Azerty &#038; Arabis\u00e9"},"content":{"rendered":"<p>Clavier USB SCORPION 20012 Azerty &amp; Arabis\u00e9 &#8211; Mod\u00e8le : SCORPION 20012 &#8211; Type : USB Filaire &#8211; Langues : AZERTY &#8211; Arabis\u00e9 &#8211; Touches : 104 &#8211; Dimensions : 438.2&#215;128.1x22mm &#8211; Usage : Plug &amp; Play<\/p>\n","protected":false},"excerpt":{"rendered":"<p>Le clavier multim\u00e9dia Scorpion 20012 est un mod\u00e8le filaire USB avec une disposition AZERTY bilingue Arabe\/Fran\u00e7ais.<\/p>\n","protected":false},"featured_media":2410,"template":"","meta":[],"product_brand":[],"product_cat":[707],"product_tag":[212,217,219,1859,227,229,1860,367,552,1909,1861],"class_list":{"0":"post-2909","1":"product","2":"type-product","3":"status-publish","4":"has-post-thumbnail","6":"product_cat-clavier","7":"product_tag-clavier","8":"product_tag-clavier-dordinateur","9":"product_tag-clavier-filaire","10":"product_tag-clavier-pc","11":"product_tag-clavier-scorpion","12":"product_tag-clavier-usb","13":"product_tag-computer-keyboard","14":"product_tag-keyboard","15":"product_tag-scorpion","16":"product_tag-tunisie","17":"product_tag-1861","19":"first","20":"instock","21":"taxable","22":"shipping-taxable","23":"purchasable","24":"product-type-simple"},"aioseo_notices":[],"_links":{"self":[{"href":"https:\/\/info-n.com\/tn\/wp-json\/wp\/v2\/product\/2909","targetHints":{"allow":["GET"]}}],"collection":[{"href":"https:\/\/info-n.com\/tn\/wp-json\/wp\/v2\/product"}],"about":[{"href":"https:\/\/info-n.com\/tn\/wp-json\/wp\/v2\/types\/product"}],"wp:featuredmedia":[{"embeddable":true,"href":"https:\/\/info-n.com\/tn\/wp-json\/wp\/v2\/media\/2410"}],"wp:attachment":[{"href":"https:\/\/info-n.com\/tn\/wp-json\/wp\/v2\/media?parent=2909"}],"wp:term":[{"taxonomy":"product_brand","embeddable":true,"href":"https:\/\/info-n.com\/tn\/wp-json\/wp\/v2\/product_brand?post=2909"},{"taxonomy":"product_cat","embeddable":true,"href":"https:\/\/info-n.com\/tn\/wp-json\/wp\/v2\/product_cat?post=2909"},{"taxonomy":"product_tag","embeddable":true,"href":"https:\/\/info-n.com\/tn\/wp-json\/wp\/v2\/product_tag?post=2909"}],"curies":[{"name":"wp","href":"https:\/\/api.w.org\/{rel}","templated":true}]}}