{"id":2910,"date":"2026-03-23T17:50:03","date_gmt":"2026-03-23T16:50:03","guid":{"rendered":"https:\/\/info-n.com\/?post_type=product&#038;p=2910"},"modified":"2026-04-15T12:52:04","modified_gmt":"2026-04-15T11:52:04","slug":"clavier-usb-macro-747474-azerty-arabise","status":"publish","type":"product","link":"https:\/\/info-n.com\/tn\/shop\/clavier-usb-macro-747474-azerty-arabise\/","title":{"rendered":"Clavier USB MACRO 747474 Azerty &#038; Arabis\u00e9"},"content":{"rendered":"<p>Clavier USB MACRO 747474 Azerty &amp; Arabis\u00e9 \/ Mod\u00e8le : MACRO K747474 \/ Type : USB Filaire \/ Langues : AZERTY \/ Arabe \/ Touches : 104 \/ Dimensions : 440x140x25.5mm \/ Usage : Plug &amp; Play.<\/p>\n<p>&nbsp;<\/p>\n","protected":false},"excerpt":{"rendered":"<p>Le Clavier USB MACRO K747474 est un mod\u00e8le filaire standard AZERTY avec des caract\u00e8res arabes \u00e9galement imprim\u00e9s sur les touches. Il est con\u00e7u pour une utilisation bureautique simple et polyvalente.<\/p>\n","protected":false},"featured_media":2409,"template":"","meta":[],"product_brand":[402],"product_cat":[707],"product_tag":[212,217,219,224,1859,229,1860,367,401,1909,1861],"class_list":{"0":"post-2910","1":"product","2":"type-product","3":"status-publish","4":"has-post-thumbnail","6":"product_brand-macro","7":"product_cat-clavier","8":"product_tag-clavier","9":"product_tag-clavier-dordinateur","10":"product_tag-clavier-filaire","11":"product_tag-clavier-macro","12":"product_tag-clavier-pc","13":"product_tag-clavier-usb","14":"product_tag-computer-keyboard","15":"product_tag-keyboard","16":"product_tag-macro","17":"product_tag-tunisie","18":"product_tag-1861","20":"first","21":"instock","22":"taxable","23":"shipping-taxable","24":"purchasable","25":"product-type-simple"},"aioseo_notices":[],"_links":{"self":[{"href":"https:\/\/info-n.com\/tn\/wp-json\/wp\/v2\/product\/2910","targetHints":{"allow":["GET"]}}],"collection":[{"href":"https:\/\/info-n.com\/tn\/wp-json\/wp\/v2\/product"}],"about":[{"href":"https:\/\/info-n.com\/tn\/wp-json\/wp\/v2\/types\/product"}],"wp:featuredmedia":[{"embeddable":true,"href":"https:\/\/info-n.com\/tn\/wp-json\/wp\/v2\/media\/2409"}],"wp:attachment":[{"href":"https:\/\/info-n.com\/tn\/wp-json\/wp\/v2\/media?parent=2910"}],"wp:term":[{"taxonomy":"product_brand","embeddable":true,"href":"https:\/\/info-n.com\/tn\/wp-json\/wp\/v2\/product_brand?post=2910"},{"taxonomy":"product_cat","embeddable":true,"href":"https:\/\/info-n.com\/tn\/wp-json\/wp\/v2\/product_cat?post=2910"},{"taxonomy":"product_tag","embeddable":true,"href":"https:\/\/info-n.com\/tn\/wp-json\/wp\/v2\/product_tag?post=2910"}],"curies":[{"name":"wp","href":"https:\/\/api.w.org\/{rel}","templated":true}]}}