{"id":2911,"date":"2026-03-23T17:50:58","date_gmt":"2026-03-23T16:50:58","guid":{"rendered":"https:\/\/info-n.com\/?post_type=product&#038;p=2911"},"modified":"2026-04-15T12:50:07","modified_gmt":"2026-04-15T11:50:07","slug":"clavier-usb-logitech-k120-azerty","status":"publish","type":"product","link":"https:\/\/info-n.com\/tn\/shop\/clavier-usb-logitech-k120-azerty\/","title":{"rendered":"Clavier USB LOGITECH K120 Azerty"},"content":{"rendered":"<p>Clavier USB LOGITECH K120 Azerty &#8211; Connectivit\u00e9 : USB filaire avec c\u00e2ble int\u00e9gr\u00e9 1.5m &#8211; Norme : AZERTY France, disposition standard 104 touches avec pav\u00e9 num\u00e9rique &#8211; Compatibilit\u00e9 : Windows, Linux, Chrome OS &#8211; Plug &amp; Play : Installation automatique sans pilote ni logiciel &#8211; Garantie : 1 an<\/p>\n","protected":false},"excerpt":{"rendered":"<p>Le clavier K120 filaire est fiable et durable. Il est \u00e9quip\u00e9 d\u2019un pav\u00e9 num\u00e9rique simple d\u2019utilisation et pr\u00eat \u00e0 l\u2019emploi. Il suffit de brancher le clavier filaire via une prise USB et c\u2019est parti!<\/p>\n","protected":false},"featured_media":2408,"template":"","meta":[],"product_brand":[395],"product_cat":[707],"product_tag":[212,217,219,223,1859,229,1860,367,396,1909,1861],"class_list":{"0":"post-2911","1":"product","2":"type-product","3":"status-publish","4":"has-post-thumbnail","6":"product_brand-logitech","7":"product_cat-clavier","8":"product_tag-clavier","9":"product_tag-clavier-dordinateur","10":"product_tag-clavier-filaire","11":"product_tag-clavier-logitech","12":"product_tag-clavier-pc","13":"product_tag-clavier-usb","14":"product_tag-computer-keyboard","15":"product_tag-keyboard","16":"product_tag-logitech","17":"product_tag-tunisie","18":"product_tag-1861","20":"first","21":"instock","22":"taxable","23":"shipping-taxable","24":"purchasable","25":"product-type-simple"},"aioseo_notices":[],"_links":{"self":[{"href":"https:\/\/info-n.com\/tn\/wp-json\/wp\/v2\/product\/2911","targetHints":{"allow":["GET"]}}],"collection":[{"href":"https:\/\/info-n.com\/tn\/wp-json\/wp\/v2\/product"}],"about":[{"href":"https:\/\/info-n.com\/tn\/wp-json\/wp\/v2\/types\/product"}],"wp:featuredmedia":[{"embeddable":true,"href":"https:\/\/info-n.com\/tn\/wp-json\/wp\/v2\/media\/2408"}],"wp:attachment":[{"href":"https:\/\/info-n.com\/tn\/wp-json\/wp\/v2\/media?parent=2911"}],"wp:term":[{"taxonomy":"product_brand","embeddable":true,"href":"https:\/\/info-n.com\/tn\/wp-json\/wp\/v2\/product_brand?post=2911"},{"taxonomy":"product_cat","embeddable":true,"href":"https:\/\/info-n.com\/tn\/wp-json\/wp\/v2\/product_cat?post=2911"},{"taxonomy":"product_tag","embeddable":true,"href":"https:\/\/info-n.com\/tn\/wp-json\/wp\/v2\/product_tag?post=2911"}],"curies":[{"name":"wp","href":"https:\/\/api.w.org\/{rel}","templated":true}]}}