{"id":2912,"date":"2026-03-23T17:53:27","date_gmt":"2026-03-23T16:53:27","guid":{"rendered":"https:\/\/info-n.com\/?post_type=product&#038;p=2912"},"modified":"2026-04-15T12:33:41","modified_gmt":"2026-04-15T11:33:41","slug":"clavier-usb-enter-pinnacle-azerty-arabise","status":"publish","type":"product","link":"https:\/\/info-n.com\/tn\/shop\/clavier-usb-enter-pinnacle-azerty-arabise\/","title":{"rendered":"Clavier USB ENTER PINNACLE Azerty &#038; Arabis\u00e9"},"content":{"rendered":"<p>Clavier USB ENTER PINNACLE Azerty &#038; Arabis\u00e9 &#8211; Connectivit\u00e9 : USB filaire avec c\u00e2ble int\u00e9gr\u00e9 &#8211; Norme : AZERTY France &#038; Arabe bilingue &#8211; Design : Clavier complet taille normale, touches noires profil\u00e9es, finition robuste &#8211; Frappe : M\u00e9canisme \u00e0 membrane confortable et silencieux &#8211; Compatibilit\u00e9 : Windows, Linux.. &#8211; Plug &#038; Play : Installation automatique sans pilote<\/p>\n","protected":false},"excerpt":{"rendered":"<p>Le Clavier USB Simple ENTER Pinnacle Noir est caract\u00e9ris\u00e9 par sa disposition des touches AZERTY Arabe \/ Fran\u00e7ais.<\/p>\n","protected":false},"featured_media":2405,"template":"","meta":[],"product_brand":[279],"product_cat":[707],"product_tag":[212,217,218,219,1859,229,1860,280,367,1909,1861],"class_list":{"0":"post-2912","1":"product","2":"type-product","3":"status-publish","4":"has-post-thumbnail","6":"product_brand-enter","7":"product_cat-clavier","8":"product_tag-clavier","9":"product_tag-clavier-dordinateur","10":"product_tag-clavier-enter","11":"product_tag-clavier-filaire","12":"product_tag-clavier-pc","13":"product_tag-clavier-usb","14":"product_tag-computer-keyboard","15":"product_tag-enter","16":"product_tag-keyboard","17":"product_tag-tunisie","18":"product_tag-1861","20":"first","21":"instock","22":"taxable","23":"shipping-taxable","24":"purchasable","25":"product-type-simple"},"aioseo_notices":[],"_links":{"self":[{"href":"https:\/\/info-n.com\/tn\/wp-json\/wp\/v2\/product\/2912","targetHints":{"allow":["GET"]}}],"collection":[{"href":"https:\/\/info-n.com\/tn\/wp-json\/wp\/v2\/product"}],"about":[{"href":"https:\/\/info-n.com\/tn\/wp-json\/wp\/v2\/types\/product"}],"wp:featuredmedia":[{"embeddable":true,"href":"https:\/\/info-n.com\/tn\/wp-json\/wp\/v2\/media\/2405"}],"wp:attachment":[{"href":"https:\/\/info-n.com\/tn\/wp-json\/wp\/v2\/media?parent=2912"}],"wp:term":[{"taxonomy":"product_brand","embeddable":true,"href":"https:\/\/info-n.com\/tn\/wp-json\/wp\/v2\/product_brand?post=2912"},{"taxonomy":"product_cat","embeddable":true,"href":"https:\/\/info-n.com\/tn\/wp-json\/wp\/v2\/product_cat?post=2912"},{"taxonomy":"product_tag","embeddable":true,"href":"https:\/\/info-n.com\/tn\/wp-json\/wp\/v2\/product_tag?post=2912"}],"curies":[{"name":"wp","href":"https:\/\/api.w.org\/{rel}","templated":true}]}}