{"id":2913,"date":"2026-03-23T17:54:36","date_gmt":"2026-03-23T16:54:36","guid":{"rendered":"https:\/\/info-n.com\/?post_type=product&#038;p=2913"},"modified":"2026-04-18T13:15:24","modified_gmt":"2026-04-18T12:15:24","slug":"pave-numerique-usb-eterno-kb-120","status":"publish","type":"product","link":"https:\/\/info-n.com\/tn\/shop\/pave-numerique-usb-eterno-kb-120\/","title":{"rendered":"Pav\u00e9 Num\u00e9rique USB ETERNO KB-120"},"content":{"rendered":"<p>Le Pav\u00e9 Num\u00e9rique USB Eterno KB-120 est un accessoire filaire compact, con\u00e7u pour les utilisateurs d&rsquo;ordinateurs portables, offrant 23 touches pour une saisie num\u00e9rique efficace.<\/p>\n","protected":false},"excerpt":{"rendered":"<p>Le Pav\u00e9 Num\u00e9rique USB Eterno KB-120 est un accessoire filaire compact, con\u00e7u pour les utilisateurs d&rsquo;ordinateurs portables, offrant 23 touches pour une saisie num\u00e9rique efficace.<\/p>\n","protected":false},"featured_media":2477,"template":"","meta":[],"product_brand":[281],"product_cat":[707,297],"product_tag":[212,217,219,225,1859,229,1860,282,367,457,470,471,499,1909,1861],"class_list":{"0":"post-2913","1":"product","2":"type-product","3":"status-publish","4":"has-post-thumbnail","6":"product_brand-eterno","7":"product_cat-clavier","8":"product_cat-promo","9":"product_tag-clavier","10":"product_tag-clavier-dordinateur","11":"product_tag-clavier-filaire","12":"product_tag-clavier-numerique","13":"product_tag-clavier-pc","14":"product_tag-clavier-usb","15":"product_tag-computer-keyboard","16":"product_tag-eterno","17":"product_tag-keyboard","18":"product_tag-numerique","19":"product_tag-pave","20":"product_tag-pave-numerique","21":"product_tag-promotion","22":"product_tag-tunisie","23":"product_tag-1861","25":"first","26":"instock","27":"featured","28":"taxable","29":"shipping-taxable","30":"purchasable","31":"product-type-simple"},"aioseo_notices":[],"_links":{"self":[{"href":"https:\/\/info-n.com\/tn\/wp-json\/wp\/v2\/product\/2913","targetHints":{"allow":["GET"]}}],"collection":[{"href":"https:\/\/info-n.com\/tn\/wp-json\/wp\/v2\/product"}],"about":[{"href":"https:\/\/info-n.com\/tn\/wp-json\/wp\/v2\/types\/product"}],"wp:featuredmedia":[{"embeddable":true,"href":"https:\/\/info-n.com\/tn\/wp-json\/wp\/v2\/media\/2477"}],"wp:attachment":[{"href":"https:\/\/info-n.com\/tn\/wp-json\/wp\/v2\/media?parent=2913"}],"wp:term":[{"taxonomy":"product_brand","embeddable":true,"href":"https:\/\/info-n.com\/tn\/wp-json\/wp\/v2\/product_brand?post=2913"},{"taxonomy":"product_cat","embeddable":true,"href":"https:\/\/info-n.com\/tn\/wp-json\/wp\/v2\/product_cat?post=2913"},{"taxonomy":"product_tag","embeddable":true,"href":"https:\/\/info-n.com\/tn\/wp-json\/wp\/v2\/product_tag?post=2913"}],"curies":[{"name":"wp","href":"https:\/\/api.w.org\/{rel}","templated":true}]}}