{"id":2914,"date":"2026-03-23T17:55:37","date_gmt":"2026-03-23T16:55:37","guid":{"rendered":"https:\/\/info-n.com\/?post_type=product&#038;p=2914"},"modified":"2026-04-15T12:48:15","modified_gmt":"2026-04-15T11:48:15","slug":"clavier-usb-hp-keyboad-100-azerty","status":"publish","type":"product","link":"https:\/\/info-n.com\/tn\/shop\/clavier-usb-hp-keyboad-100-azerty\/","title":{"rendered":"Clavier USB HP KEYBOAD 100 Azerty"},"content":{"rendered":"<p>Clavier USB HP KEYBOARD 100 Azerty &#8211; Connectivit\u00e9 : USB filaire avec c\u00e2ble int\u00e9gr\u00e9 1.5m &#8211; Norme : AZERTY France, disposition standard 104 touches &#8211; Design : Profil ultra-fin, touches silencieuses \u00e0 faible course, finition noire mate r\u00e9sistante &#8211; Frappe : M\u00e9canisme \u00e0 membrane confortable et durable &#8211; Compatibilit\u00e9 : Windows 10\/11, Linux, Chrome OS &#8211; Plug &amp; Play : Installation automatique sans pilote<\/p>\n","protected":false},"excerpt":{"rendered":"<p>Le HP Keyboard 100 est un clavier filaire standard con\u00e7u pour une utilisation quotidienne bureautique, offrant un bon rapport qualit\u00e9-prix.<\/p>\n","protected":false},"featured_media":2407,"template":"","meta":[],"product_brand":[331],"product_cat":[707],"product_tag":[212,217,219,222,1859,229,1860,332,367,1909,1861],"class_list":{"0":"post-2914","1":"product","2":"type-product","3":"status-publish","4":"has-post-thumbnail","6":"product_brand-hp","7":"product_cat-clavier","8":"product_tag-clavier","9":"product_tag-clavier-dordinateur","10":"product_tag-clavier-filaire","11":"product_tag-clavier-hp","12":"product_tag-clavier-pc","13":"product_tag-clavier-usb","14":"product_tag-computer-keyboard","15":"product_tag-hp","16":"product_tag-keyboard","17":"product_tag-tunisie","18":"product_tag-1861","20":"first","21":"instock","22":"sale","23":"taxable","24":"shipping-taxable","25":"purchasable","26":"product-type-simple"},"aioseo_notices":[],"_links":{"self":[{"href":"https:\/\/info-n.com\/tn\/wp-json\/wp\/v2\/product\/2914","targetHints":{"allow":["GET"]}}],"collection":[{"href":"https:\/\/info-n.com\/tn\/wp-json\/wp\/v2\/product"}],"about":[{"href":"https:\/\/info-n.com\/tn\/wp-json\/wp\/v2\/types\/product"}],"wp:featuredmedia":[{"embeddable":true,"href":"https:\/\/info-n.com\/tn\/wp-json\/wp\/v2\/media\/2407"}],"wp:attachment":[{"href":"https:\/\/info-n.com\/tn\/wp-json\/wp\/v2\/media?parent=2914"}],"wp:term":[{"taxonomy":"product_brand","embeddable":true,"href":"https:\/\/info-n.com\/tn\/wp-json\/wp\/v2\/product_brand?post=2914"},{"taxonomy":"product_cat","embeddable":true,"href":"https:\/\/info-n.com\/tn\/wp-json\/wp\/v2\/product_cat?post=2914"},{"taxonomy":"product_tag","embeddable":true,"href":"https:\/\/info-n.com\/tn\/wp-json\/wp\/v2\/product_tag?post=2914"}],"curies":[{"name":"wp","href":"https:\/\/api.w.org\/{rel}","templated":true}]}}