{"id":2915,"date":"2026-03-23T17:59:01","date_gmt":"2026-03-23T16:59:01","guid":{"rendered":"https:\/\/info-n.com\/?post_type=product&#038;p=2915"},"modified":"2026-04-18T13:15:26","modified_gmt":"2026-04-18T12:15:26","slug":"cable-de-charge-rapide-type-c-vers-lightning-inkax-ck-123-3-1a","status":"publish","type":"product","link":"https:\/\/info-n.com\/tn\/shop\/cable-de-charge-rapide-type-c-vers-lightning-inkax-ck-123-3-1a\/","title":{"rendered":"C\u00e2ble de charge rapide Type-C vers Lightning INKAX CK-123 3.1A"},"content":{"rendered":"<p>C\u00e2ble INKAX CK-123, Type-C vers Lightning, charge rapide 3.1A pour iPhone et iPad..<br \/>\nMod\u00e8le : INKAX CK-123 &#8211; Connecteur : USB Type-C vers Lightning &#8211; Intensit\u00e9 : 3.1A &#8211; Fonction : Charge rapide et transfert de donn\u00e9es &#8211; Compatibilit\u00e9 : iPhone, iPad, iPod &#8211; Longueur : 1 m\u00e8tre &#8211; Mat\u00e9riau : Nylon tress\u00e9 durable<\/p>\n","protected":false},"excerpt":{"rendered":"<p>Le c\u00e2ble Inkax CK-123 est un c\u00e2ble de haute performance con\u00e7u pour la charge rapide et le transfert de donn\u00e9es, principalement utilis\u00e9 pour connecter des sources USB-C \u00e0 des appareils Apple (Iphone, Ipad, Ipod, Airpods).<\/p>\n","protected":false},"featured_media":2916,"template":"","meta":[],"product_brand":[342],"product_cat":[697,297],"product_tag":[60,134,135,144,156,163,195,196,1790,341,392,499,1793,1909,1792,1791,1794],"class_list":{"0":"post-2915","1":"product","2":"type-product","3":"status-publish","4":"has-post-thumbnail","6":"product_brand-inkax","7":"product_cat-cable-chargeur","8":"product_cat-promo","9":"product_tag-20w","10":"product_tag-cable-charge","11":"product_tag-cable-chargeur","12":"product_tag-cable-lightning-type-c","13":"product_tag-cable-smartphone","14":"product_tag-cable-usb","15":"product_tag-charge","16":"product_tag-chargeur","17":"product_tag-charging-cable","18":"product_tag-inkax","19":"product_tag-lightning","20":"product_tag-promotion","21":"product_tag-smartphone-charger-cable","22":"product_tag-tunisie","23":"product_tag-usb-cable","24":"product_tag-1791","25":"product_tag-1794","27":"first","28":"instock","29":"sale","30":"featured","31":"taxable","32":"shipping-taxable","33":"purchasable","34":"product-type-simple"},"aioseo_notices":[],"_links":{"self":[{"href":"https:\/\/info-n.com\/tn\/wp-json\/wp\/v2\/product\/2915","targetHints":{"allow":["GET"]}}],"collection":[{"href":"https:\/\/info-n.com\/tn\/wp-json\/wp\/v2\/product"}],"about":[{"href":"https:\/\/info-n.com\/tn\/wp-json\/wp\/v2\/types\/product"}],"wp:featuredmedia":[{"embeddable":true,"href":"https:\/\/info-n.com\/tn\/wp-json\/wp\/v2\/media\/2916"}],"wp:attachment":[{"href":"https:\/\/info-n.com\/tn\/wp-json\/wp\/v2\/media?parent=2915"}],"wp:term":[{"taxonomy":"product_brand","embeddable":true,"href":"https:\/\/info-n.com\/tn\/wp-json\/wp\/v2\/product_brand?post=2915"},{"taxonomy":"product_cat","embeddable":true,"href":"https:\/\/info-n.com\/tn\/wp-json\/wp\/v2\/product_cat?post=2915"},{"taxonomy":"product_tag","embeddable":true,"href":"https:\/\/info-n.com\/tn\/wp-json\/wp\/v2\/product_tag?post=2915"}],"curies":[{"name":"wp","href":"https:\/\/api.w.org\/{rel}","templated":true}]}}