{"id":2919,"date":"2026-03-23T18:01:05","date_gmt":"2026-03-23T17:01:05","guid":{"rendered":"https:\/\/info-n.com\/?post_type=product&#038;p=2919"},"modified":"2026-04-18T13:15:24","modified_gmt":"2026-04-18T12:15:24","slug":"hub-usb-type-c-gembird-4-ports-usb-3-0","status":"publish","type":"product","link":"https:\/\/info-n.com\/tn\/shop\/hub-usb-type-c-gembird-4-ports-usb-3-0\/","title":{"rendered":"Hub USB Type-C GEMBIRD 4 Ports USB 3.0"},"content":{"rendered":"<p>Un hub USB Type-C avec 4 ports USB 3.0 &#8211; Interface USB 3.1 Gen 1 (Type-C) &#8211; 4 ports USB 3.0 (Type-A) &#8211; Vitesse de transfert jusqu&rsquo;\u00e0 5 Gbit\/s &#8211; Dimensions 109 x 30 x 10 mm &#8211; Poids 34 g &#8211; C\u00e2ble int\u00e9gr\u00e9 (15 cm) &#8211; Plug &amp; Play<\/p>\n","protected":false},"excerpt":{"rendered":"<p>Un hub USB Type-C avec 4 ports USB 3.0 vous permet d&rsquo;\u00e9tendre la connectivit\u00e9 de vos appareils modernes (ordinateurs portables, tablettes, smartphones) en utilisant un seul port USB-C, offrant des vitesses de transfert de donn\u00e9es SuperSpeed allant jusqu&rsquo;\u00e0 5 Gbps.<\/p>\n","protected":false},"featured_media":2461,"template":"","meta":[],"product_brand":[303],"product_cat":[297,717],"product_tag":[1872,304,333,1875,334,335,336,454,1876,499,1909,655,1870,1873,1871,1877,1874],"class_list":{"0":"post-2919","1":"product","2":"type-product","3":"status-publish","4":"has-post-thumbnail","6":"product_brand-gembird","7":"product_cat-promo","8":"product_cat-hub-usb","9":"product_tag-concentrateur-usb","10":"product_tag-gembird","11":"product_tag-hub","12":"product_tag-hub-multi-port","13":"product_tag-hub-type-c","14":"product_tag-hub-usb","15":"product_tag-hub-usb-type-c","16":"product_tag-multi-usb","17":"product_tag-multi-port-usb-hub","18":"product_tag-promotion","19":"product_tag-tunisie","20":"product_tag-usb","21":"product_tag-usb-hub","22":"product_tag-usb-splitter","23":"product_tag--usb","24":"product_tag-1877","25":"product_tag---usb","27":"first","28":"instock","29":"sale","30":"featured","31":"taxable","32":"shipping-taxable","33":"purchasable","34":"product-type-simple"},"aioseo_notices":[],"_links":{"self":[{"href":"https:\/\/info-n.com\/tn\/wp-json\/wp\/v2\/product\/2919","targetHints":{"allow":["GET"]}}],"collection":[{"href":"https:\/\/info-n.com\/tn\/wp-json\/wp\/v2\/product"}],"about":[{"href":"https:\/\/info-n.com\/tn\/wp-json\/wp\/v2\/types\/product"}],"wp:featuredmedia":[{"embeddable":true,"href":"https:\/\/info-n.com\/tn\/wp-json\/wp\/v2\/media\/2461"}],"wp:attachment":[{"href":"https:\/\/info-n.com\/tn\/wp-json\/wp\/v2\/media?parent=2919"}],"wp:term":[{"taxonomy":"product_brand","embeddable":true,"href":"https:\/\/info-n.com\/tn\/wp-json\/wp\/v2\/product_brand?post=2919"},{"taxonomy":"product_cat","embeddable":true,"href":"https:\/\/info-n.com\/tn\/wp-json\/wp\/v2\/product_cat?post=2919"},{"taxonomy":"product_tag","embeddable":true,"href":"https:\/\/info-n.com\/tn\/wp-json\/wp\/v2\/product_tag?post=2919"}],"curies":[{"name":"wp","href":"https:\/\/api.w.org\/{rel}","templated":true}]}}