{"id":2920,"date":"2026-03-23T18:02:20","date_gmt":"2026-03-23T17:02:20","guid":{"rendered":"https:\/\/info-n.com\/?post_type=product&#038;p=2920"},"modified":"2026-04-18T13:21:11","modified_gmt":"2026-04-18T12:21:11","slug":"chargeur-rapide-pzx-p53-33w-type-c-avec-cable-type-c-vers-type-c","status":"publish","type":"product","link":"https:\/\/info-n.com\/tn\/shop\/chargeur-rapide-pzx-p53-33w-type-c-avec-cable-type-c-vers-type-c\/","title":{"rendered":"Chargeur Rapide PZX P53 33W Type-C Avec Cable Type-C vers Type-C"},"content":{"rendered":"<p>Chargeur Rapide PZX P53 33W USB Type-C &#8211; Puissance : 33W avec technologie Power Delivery (PD) 3.0 &#8211; Port : USB Type-C haute puissance &#8211; Protocoles : PD, QC3.0\/2.0, Huawei FCP\/SCP, Samsung AFC &#8211; Tension : 220V prise EU &#8211; C\u00e2ble : Type-C vers Type-C inclus &#8211; S\u00e9curit\u00e9 : Protection surcharge, surtension, court-circuit, surchauffe &#8211; Compatibilit\u00e9 : Smartphones, tablettes, appareils USB-C<\/p>\n","protected":false},"excerpt":{"rendered":"<p>Le chargeur rapide PZX P53 est un adaptateur secteur d&rsquo;une puissance de 33 W dot\u00e9 d&rsquo;un port USB Type-C, con\u00e7u pour une recharge rapide des appareils compatibles. Ce chargeur utilise la technologie Power Delivery (PD) 3.0 pour fournir une charge efficace et s\u00e9curis\u00e9e.<\/p>\n","protected":false},"featured_media":2402,"template":"","meta":[],"product_brand":[501],"product_cat":[705,297],"product_tag":[66,79,159,195,196,204,208,1795,499,502,554,638,1909,646,1797,1454,1796],"class_list":{"0":"post-2920","1":"product","2":"type-product","3":"status-publish","4":"has-post-thumbnail","6":"product_brand-pzx","7":"product_cat-chargeur-telephone","8":"product_cat-promo","9":"product_tag-33w","10":"product_tag-adaptateur-de-charge","11":"product_tag-cable-type-c","12":"product_tag-charge","13":"product_tag-chargeur","14":"product_tag-chargeur-33w","15":"product_tag-chargeur-secteur","16":"product_tag-phone-charger","17":"product_tag-promotion","18":"product_tag-pzx","19":"product_tag-secteur","20":"product_tag-tete-chargeur","21":"product_tag-tunisie","22":"product_tag-type-c","23":"product_tag-1797","24":"product_tag-1454","25":"product_tag-1796","27":"first","28":"instock","29":"sale","30":"featured","31":"taxable","32":"shipping-taxable","33":"purchasable","34":"product-type-simple"},"aioseo_notices":[],"_links":{"self":[{"href":"https:\/\/info-n.com\/tn\/wp-json\/wp\/v2\/product\/2920","targetHints":{"allow":["GET"]}}],"collection":[{"href":"https:\/\/info-n.com\/tn\/wp-json\/wp\/v2\/product"}],"about":[{"href":"https:\/\/info-n.com\/tn\/wp-json\/wp\/v2\/types\/product"}],"wp:featuredmedia":[{"embeddable":true,"href":"https:\/\/info-n.com\/tn\/wp-json\/wp\/v2\/media\/2402"}],"wp:attachment":[{"href":"https:\/\/info-n.com\/tn\/wp-json\/wp\/v2\/media?parent=2920"}],"wp:term":[{"taxonomy":"product_brand","embeddable":true,"href":"https:\/\/info-n.com\/tn\/wp-json\/wp\/v2\/product_brand?post=2920"},{"taxonomy":"product_cat","embeddable":true,"href":"https:\/\/info-n.com\/tn\/wp-json\/wp\/v2\/product_cat?post=2920"},{"taxonomy":"product_tag","embeddable":true,"href":"https:\/\/info-n.com\/tn\/wp-json\/wp\/v2\/product_tag?post=2920"}],"curies":[{"name":"wp","href":"https:\/\/api.w.org\/{rel}","templated":true}]}}