{"id":2922,"date":"2026-03-23T18:06:26","date_gmt":"2026-03-23T17:06:26","guid":{"rendered":"https:\/\/info-n.com\/?post_type=product&#038;p=2922"},"modified":"2026-04-18T13:15:24","modified_gmt":"2026-04-18T12:15:24","slug":"cle-usb-pny-64go-usb-3-1","status":"publish","type":"product","link":"https:\/\/info-n.com\/tn\/shop\/cle-usb-pny-64go-usb-3-1\/","title":{"rendered":"Cl\u00e9 USB PNY 64Go &#8211; USB 3.1"},"content":{"rendered":"<p>Cl\u00e9 USB PNY 64Go &#8211; USB 3.1 &#8211; Mod\u00e8le : PNY Attache 4 &#8211; Capacit\u00e9 : 64Go &#8211; Interface : USB 3.1 &#8211; Vitesse : 80 Mo\/s &#8211; Usage : Haute vitesse Plug &amp; Play<\/p>\n","protected":false},"excerpt":{"rendered":"<p>La Cl\u00e9 USB PNY 64Go est une solution pratique et compacte pour le stockage et le transfert de vos fichiers num\u00e9riques. Avec une capacit\u00e9 de 64 Go, elle permet de sauvegarder des documents, des photos, des vid\u00e9os et bien plus encore.<\/p>\n","protected":false},"featured_media":2923,"template":"","meta":[],"product_brand":[484],"product_cat":[708,297],"product_tag":[230,233,1866,292,293,1868,485,499,1909,655,1862,1869,1864,1865,1867,1863],"class_list":{"0":"post-2922","1":"product","2":"type-product","3":"status-publish","4":"has-post-thumbnail","6":"product_brand-pny","7":"product_cat-cle-usb","8":"product_cat-promo","9":"product_tag-cle","10":"product_tag-cle-usb","11":"product_tag-disque-amovible","12":"product_tag-flash","13":"product_tag-flash-disque","14":"product_tag-memoire-usb","15":"product_tag-pny","16":"product_tag-promotion","17":"product_tag-tunisie","18":"product_tag-usb","19":"product_tag-usb-flash-drive","20":"product_tag-usb-memory","21":"product_tag-usb-stick","22":"product_tag--usb","23":"product_tag-1867","26":"first","27":"instock","28":"featured","29":"taxable","30":"shipping-taxable","31":"purchasable","32":"product-type-simple"},"aioseo_notices":[],"_links":{"self":[{"href":"https:\/\/info-n.com\/tn\/wp-json\/wp\/v2\/product\/2922","targetHints":{"allow":["GET"]}}],"collection":[{"href":"https:\/\/info-n.com\/tn\/wp-json\/wp\/v2\/product"}],"about":[{"href":"https:\/\/info-n.com\/tn\/wp-json\/wp\/v2\/types\/product"}],"wp:featuredmedia":[{"embeddable":true,"href":"https:\/\/info-n.com\/tn\/wp-json\/wp\/v2\/media\/2923"}],"wp:attachment":[{"href":"https:\/\/info-n.com\/tn\/wp-json\/wp\/v2\/media?parent=2922"}],"wp:term":[{"taxonomy":"product_brand","embeddable":true,"href":"https:\/\/info-n.com\/tn\/wp-json\/wp\/v2\/product_brand?post=2922"},{"taxonomy":"product_cat","embeddable":true,"href":"https:\/\/info-n.com\/tn\/wp-json\/wp\/v2\/product_cat?post=2922"},{"taxonomy":"product_tag","embeddable":true,"href":"https:\/\/info-n.com\/tn\/wp-json\/wp\/v2\/product_tag?post=2922"}],"curies":[{"name":"wp","href":"https:\/\/api.w.org\/{rel}","templated":true}]}}