{"id":2924,"date":"2026-03-23T18:07:47","date_gmt":"2026-03-23T17:07:47","guid":{"rendered":"https:\/\/info-n.com\/?post_type=product&#038;p=2924"},"modified":"2026-04-18T13:15:28","modified_gmt":"2026-04-18T12:15:28","slug":"chargeur-et-lecture-de-musique-bluetooth-pour-voiture-pzx-t8s","status":"publish","type":"product","link":"https:\/\/info-n.com\/tn\/shop\/chargeur-et-lecture-de-musique-bluetooth-pour-voiture-pzx-t8s\/","title":{"rendered":"Chargeur et Lecture de Musique Bluetooth pour Voiture PZX T8S"},"content":{"rendered":"<p>Chargeur et Lecture de Musique Bluetooth pour Voiture PZX T8S &#8211; Connectivit\u00e9 : Bluetooth 5.0 + FM Transmetteur + USB + Slot TF\/MicroSD + AUX 3.5mm &#8211; Alimentation : Prise allume-cigare 12-24V &#8211; Charge : USB QC3.0 jusqu&rsquo;\u00e0 25W + port 5V\/1A &#8211; Affichage : LCD (tension batterie\/fr\u00e9quence FM) &#8211; Fonctions : Lecture musique (t\u00e9l\u00e9phone\/USB\/SD 64Go), appels mains libres, commandes int\u00e9gr\u00e9es &#8211; Compatibilit\u00e9 : Smartphones, tablettes, tous v\u00e9hicules<\/p>\n","protected":false},"excerpt":{"rendered":"<p>Le chargeur et transmetteur FM Bluetooth PZX T8S permet la diffusion de musique, les appels mains libres et la recharge d&rsquo;appareils mobiles dans les v\u00e9hicules non \u00e9quip\u00e9s de connectivit\u00e9 Bluetooth native.<\/p>\n","protected":false},"featured_media":2380,"template":"","meta":[],"product_brand":[501],"product_cat":[2031,706,297],"product_tag":[1802,116,1799,1805,196,1801,1810,1807,1804,1798,1808,385,386,387,452,456,1811,499,502,504,1909,655,667,1803,1809,1812,1800,1806],"class_list":{"0":"post-2924","1":"product","2":"type-product","3":"status-publish","4":"has-post-thumbnail","6":"product_brand-pzx","7":"product_cat-chargeur-auto","8":"product_cat-chargeur-voiture","9":"product_cat-promo","10":"product_tag-auto-charger","11":"product_tag-bluetooth","12":"product_tag-car-charger-cigarette-lighter","13":"product_tag-car-usb-charger","14":"product_tag-chargeur","15":"product_tag-chargeur-auto","16":"product_tag-chargeur-portable-voiture","17":"product_tag-chargeur-rapide-voiture","18":"product_tag-chargeur-usb-voiture","19":"product_tag-chargeur-voiture-allume-cigare","20":"product_tag-fast-car-charger","21":"product_tag-lecture","22":"product_tag-lecture-de-musique","23":"product_tag-lecture-mp3","24":"product_tag-mp3","25":"product_tag-musique","26":"product_tag-portable-car-charger","27":"product_tag-promotion","28":"product_tag-pzx","29":"product_tag-radio","30":"product_tag-tunisie","31":"product_tag-usb","32":"product_tag-voiture","33":"product_tag-1803","34":"product_tag-1809","35":"product_tag-1812","36":"product_tag-1800","37":"product_tag-1806","39":"first","40":"instock","41":"sale","42":"featured","43":"taxable","44":"shipping-taxable","45":"purchasable","46":"product-type-simple"},"aioseo_notices":[],"_links":{"self":[{"href":"https:\/\/info-n.com\/tn\/wp-json\/wp\/v2\/product\/2924","targetHints":{"allow":["GET"]}}],"collection":[{"href":"https:\/\/info-n.com\/tn\/wp-json\/wp\/v2\/product"}],"about":[{"href":"https:\/\/info-n.com\/tn\/wp-json\/wp\/v2\/types\/product"}],"wp:featuredmedia":[{"embeddable":true,"href":"https:\/\/info-n.com\/tn\/wp-json\/wp\/v2\/media\/2380"}],"wp:attachment":[{"href":"https:\/\/info-n.com\/tn\/wp-json\/wp\/v2\/media?parent=2924"}],"wp:term":[{"taxonomy":"product_brand","embeddable":true,"href":"https:\/\/info-n.com\/tn\/wp-json\/wp\/v2\/product_brand?post=2924"},{"taxonomy":"product_cat","embeddable":true,"href":"https:\/\/info-n.com\/tn\/wp-json\/wp\/v2\/product_cat?post=2924"},{"taxonomy":"product_tag","embeddable":true,"href":"https:\/\/info-n.com\/tn\/wp-json\/wp\/v2\/product_tag?post=2924"}],"curies":[{"name":"wp","href":"https:\/\/api.w.org\/{rel}","templated":true}]}}