{"id":2929,"date":"2026-03-23T18:27:15","date_gmt":"2026-03-23T17:27:15","guid":{"rendered":"https:\/\/info-n.com\/?post_type=product&#038;p=2929"},"modified":"2026-04-18T13:15:26","modified_gmt":"2026-04-18T12:15:26","slug":"telephone-portable-lactel-l24-rouge","status":"publish","type":"product","link":"https:\/\/info-n.com\/tn\/shop\/telephone-portable-lactel-l24-rouge\/","title":{"rendered":"T\u00e9l\u00e9phone Portable LACTEL L24 &#8211; Rouge"},"content":{"rendered":"<p>T\u00e9l\u00e9phone Portable LACTEL L24 &#8211; Mod\u00e8le : L24 &#8211; \u00c9cran : \u00c9cran : 2,4 pouces QVGA (240 x 320) &#8211; Dimensions : 116 x 51 x 13,8 mm &#8211; SIM : Double SIM &#8211; R\u00e9seau : GSM 2G : 850\/900\/1800\/1900 &#8211; Fonctions : Bluetooth, FM sans fil, Lecteur MP3\/MP4, Cam\u00e9ra, Torche &#8211; Appareil photo : 0,08 MP &#8211; Batterie : 1 000 mAh &#8211; M\u00e9moire : 32 Mo RAM \/ 32 Mo ROM &#8211; Carte m\u00e9moire : Micro SD jusqu\u2019\u00e0 64 Go Accessoires : Chargeur avec C\u00e2ble &#8211; Garantie : 1 an<\/p>\n","protected":false},"excerpt":{"rendered":"<p>Le T\u00e9l\u00e9phone Portable Lactel L24 est un mod\u00e8le de t\u00e9l\u00e9phone mobile classique de la marque Lactel, con\u00e7u pour les fonctionnalit\u00e9s essentielles de communication.<\/p>\n","protected":false},"featured_media":2930,"template":"","meta":[],"product_brand":[378],"product_cat":[297,635],"product_tag":[379,1827,487,499,634,636,637,1909,1831,1829,1830,1828],"class_list":{"0":"post-2929","1":"product","2":"type-product","3":"status-publish","4":"has-post-thumbnail","6":"product_brand-lactel","7":"product_cat-promo","8":"product_cat-telephone-portable","9":"product_tag-lactel","10":"product_tag-mobile-phone","11":"product_tag-portable","12":"product_tag-promotion","13":"product_tag-telephone","14":"product_tag-telephone-portable","15":"product_tag-telephone-portable-entree-de-gamme","16":"product_tag-tunisie","17":"product_tag-1831","18":"product_tag-1829","19":"product_tag-1830","20":"product_tag-1828","22":"first","23":"instock","24":"sale","25":"featured","26":"taxable","27":"shipping-taxable","28":"purchasable","29":"product-type-simple"},"aioseo_notices":[],"_links":{"self":[{"href":"https:\/\/info-n.com\/tn\/wp-json\/wp\/v2\/product\/2929","targetHints":{"allow":["GET"]}}],"collection":[{"href":"https:\/\/info-n.com\/tn\/wp-json\/wp\/v2\/product"}],"about":[{"href":"https:\/\/info-n.com\/tn\/wp-json\/wp\/v2\/types\/product"}],"wp:featuredmedia":[{"embeddable":true,"href":"https:\/\/info-n.com\/tn\/wp-json\/wp\/v2\/media\/2930"}],"wp:attachment":[{"href":"https:\/\/info-n.com\/tn\/wp-json\/wp\/v2\/media?parent=2929"}],"wp:term":[{"taxonomy":"product_brand","embeddable":true,"href":"https:\/\/info-n.com\/tn\/wp-json\/wp\/v2\/product_brand?post=2929"},{"taxonomy":"product_cat","embeddable":true,"href":"https:\/\/info-n.com\/tn\/wp-json\/wp\/v2\/product_cat?post=2929"},{"taxonomy":"product_tag","embeddable":true,"href":"https:\/\/info-n.com\/tn\/wp-json\/wp\/v2\/product_tag?post=2929"}],"curies":[{"name":"wp","href":"https:\/\/api.w.org\/{rel}","templated":true}]}}