{"id":2933,"date":"2026-03-23T18:31:05","date_gmt":"2026-03-23T17:31:05","guid":{"rendered":"https:\/\/info-n.com\/?post_type=product&#038;p=2933"},"modified":"2026-04-18T13:15:23","modified_gmt":"2026-04-18T12:15:23","slug":"haut-parleur-sans-fil-kisonli-g10","status":"publish","type":"product","link":"https:\/\/info-n.com\/tn\/shop\/haut-parleur-sans-fil-kisonli-g10\/","title":{"rendered":"Haut Parleur Sans Fil Rechargeable KISONLI G10"},"content":{"rendered":"<p>Haut Parleur Sans Fil Rechargeable KISONLI G10<\/p>\n<p>Puissance de sortie 5W \u00e0 8W &#8211; Connectivit\u00e9 Bluetooth 5.0 &#8211; Port USB, lecteur de carte TF\/SD et Entr\u00e9e Auxiliaire &#8211; Tuner Radio FM int\u00e9gr\u00e9 &#8211; Batterie rechargeable 1200 mAh &#8211; Autonomie de 2 \u00e0 10 heures &#8211; Chargement via port Type-C &#8211; Dimensions 174 x 99 x 123 mm &#8211; Compatible smartphones et tablettes &#8211; Finition \u00e9l\u00e9gante en bois style r\u00e9tro<\/p>\n","protected":false},"excerpt":{"rendered":"<p>Le Haut Parleur Sans Fil Kisonli G10 est un haut-parleur Bluetooth portable en bois dot\u00e9 d&rsquo;une connectivit\u00e9 polyvalente, notamment la radio FM, USB et carte SD.<\/p>\n","protected":false},"featured_media":2451,"template":"","meta":[],"product_brand":[369],"product_cat":[297,715],"product_tag":[1684,1582,1313,116,1540,171,233,271,272,1314,1302,293,1687,310,311,316,317,320,1683,1669,1672,1677,1675,1695,1680,370,1583,429,452,1690,1686,1694,1688,1542,499,545,37,581,1315,582,1909,1692,1541,1584,1693,1574,1511,1509,1691,1514,1689,1590,1685,1696],"class_list":{"0":"post-2933","1":"product","2":"type-product","3":"status-publish","4":"has-post-thumbnail","6":"product_brand-kisonli","7":"product_cat-promo","8":"product_cat-haut-parleur-sans-fil","9":"product_tag-audio-speaker","10":"product_tag-autonomie-longue-duree","11":"product_tag-baffle","12":"product_tag-bluetooth","13":"product_tag-bluetooth-speaker","14":"product_tag-carte-memoire","15":"product_tag-cle-usb","16":"product_tag-enceinte","17":"product_tag-enceinte-bluetooth","18":"product_tag-enceinte-rechargeable","19":"product_tag-enceinte-sans-fil","20":"product_tag-flash-disque","21":"product_tag-gaming-speaker","22":"product_tag-haut-parleur","23":"product_tag-haut-parleur-bluetooth","24":"product_tag-haut-parleur-portable","25":"product_tag-haut-parleur-rechargeable","26":"product_tag-haut-parleur-sans-fil","27":"product_tag-haut-parleur-audio","28":"product_tag-haut-parleur-bureau","29":"product_tag-haut-parleur-gaming","30":"product_tag-haut-parleur-multimedia","31":"product_tag-haut-parleur-musique","32":"product_tag-haut-parleur-reduction-de-bruit","33":"product_tag-haut-parleur-usb","34":"product_tag-kisonli","35":"product_tag-long-battery-life","36":"product_tag-micro-haut-parleur-sans-fil-sd","37":"product_tag-mp3","38":"product_tag-multimedia-speaker","39":"product_tag-music-speaker","40":"product_tag-noise-cancelling-speaker","41":"product_tag-office-speaker","42":"product_tag-portable-speaker","43":"product_tag-promotion","44":"product_tag-sans-fil","45":"product_tag-speaker","46":"product_tag-speaker-bluetooth","47":"product_tag-speaker-rechargeable","48":"product_tag-speaker-sans-fil","49":"product_tag-tunisie","50":"product_tag-usb-speaker","51":"product_tag-wireless-speaker","52":"product_tag-1584","53":"product_tag--usb","54":"product_tag-1574","55":"product_tag-1511","56":"product_tag-1509","57":"product_tag-1691","58":"product_tag-1514","59":"product_tag-1689","60":"product_tag-1590","61":"product_tag-1685","62":"product_tag-1696","64":"first","65":"instock","66":"sale","67":"featured","68":"taxable","69":"shipping-taxable","70":"purchasable","71":"product-type-simple"},"aioseo_notices":[],"_links":{"self":[{"href":"https:\/\/info-n.com\/tn\/wp-json\/wp\/v2\/product\/2933","targetHints":{"allow":["GET"]}}],"collection":[{"href":"https:\/\/info-n.com\/tn\/wp-json\/wp\/v2\/product"}],"about":[{"href":"https:\/\/info-n.com\/tn\/wp-json\/wp\/v2\/types\/product"}],"wp:featuredmedia":[{"embeddable":true,"href":"https:\/\/info-n.com\/tn\/wp-json\/wp\/v2\/media\/2451"}],"wp:attachment":[{"href":"https:\/\/info-n.com\/tn\/wp-json\/wp\/v2\/media?parent=2933"}],"wp:term":[{"taxonomy":"product_brand","embeddable":true,"href":"https:\/\/info-n.com\/tn\/wp-json\/wp\/v2\/product_brand?post=2933"},{"taxonomy":"product_cat","embeddable":true,"href":"https:\/\/info-n.com\/tn\/wp-json\/wp\/v2\/product_cat?post=2933"},{"taxonomy":"product_tag","embeddable":true,"href":"https:\/\/info-n.com\/tn\/wp-json\/wp\/v2\/product_tag?post=2933"}],"curies":[{"name":"wp","href":"https:\/\/api.w.org\/{rel}","templated":true}]}}