{"id":2935,"date":"2026-03-23T18:34:08","date_gmt":"2026-03-23T17:34:08","guid":{"rendered":"https:\/\/info-n.com\/?post_type=product&#038;p=2935"},"modified":"2026-04-18T13:15:22","modified_gmt":"2026-04-18T12:15:22","slug":"casque-sans-fil-hoco-w41-bluetooth-carte-memoire","status":"publish","type":"product","link":"https:\/\/info-n.com\/tn\/shop\/casque-sans-fil-hoco-w41-bluetooth-carte-memoire\/","title":{"rendered":"Casque Sans Fil HOCO W41 Bluetooth &#038; Carte M\u00e9moire"},"content":{"rendered":"<p>Casque Sans Fil HOCO W41 Bluetooth &#038; Carte M\u00e9moire<br \/>\nConnectivit\u00e9 : Bluetooth 5.3 + Jack AUX 3.5mm + Slot carte TF\/MicroSD &#8211; Batterie : 200 mAh &#8211; Autonomie : Jusqu&rsquo;\u00e0 7 heures &#8211; Haut-parleur : 40 mm &#8211; R\u00e9ponse en fr\u00e9quence : 20 Hz &#8211; 20 000 Hz &#8211; Design : Supra-auriculaire l\u00e9ger et confortable &#8211; Fonctions : Microphone int\u00e9gr\u00e9, basses profondes, r\u00e9sistant transpiration &#8211; Compatibilit\u00e9 : Smartphones, tablettes, PC &#8211; Usage : Musique, sport, appels, d\u00e9placements<\/p>\n","protected":false},"excerpt":{"rendered":"<p>Le casque Hoco W41 Charm est un casque sans fil Bluetooth 5.3 d&rsquo;entr\u00e9e de gamme, dot\u00e9 d&rsquo;une autonomie d&rsquo;environ 7 heures et d&rsquo;un design l\u00e9ger.<\/p>\n","protected":false},"featured_media":2344,"template":"","meta":[],"product_brand":[328],"product_cat":[704,297],"product_tag":[1585,1582,116,175,1505,177,178,1587,183,190,257,259,262,1586,329,1583,1589,456,1579,499,1580,545,1909,670,1577,1581,1584,1588,1511,1578,1570,1590],"class_list":{"0":"post-2935","1":"product","2":"type-product","3":"status-publish","4":"has-post-thumbnail","6":"product_brand-hoco","7":"product_cat-casque-sans-fil","8":"product_cat-promo","9":"product_tag-audio-headset","10":"product_tag-autonomie-longue-duree","11":"product_tag-bluetooth","12":"product_tag-casque","13":"product_tag-casque-audio","14":"product_tag-casque-bluetooth","15":"product_tag-casque-bt","16":"product_tag-casque-gaming-sans-fil","17":"product_tag-casque-hoco","18":"product_tag-casque-sans-fil","19":"product_tag-ecouteur","20":"product_tag-ecouteur-bluetooth","21":"product_tag-ecouteur-sans-fil","22":"product_tag-gaming-headset-wireless","23":"product_tag-hoco","24":"product_tag-long-battery-life","25":"product_tag-music-headphones","26":"product_tag-musique","27":"product_tag-noise-cancelling","28":"product_tag-promotion","29":"product_tag-reduction-de-bruit","30":"product_tag-sans-fil","31":"product_tag-tunisie","32":"product_tag-w41","33":"product_tag-wireless-headphones","34":"product_tag-1581","35":"product_tag-1584","36":"product_tag-1588","37":"product_tag-1511","38":"product_tag-1578","39":"product_tag-1570","40":"product_tag-1590","42":"first","43":"instock","44":"sale","45":"featured","46":"taxable","47":"shipping-taxable","48":"purchasable","49":"product-type-simple"},"aioseo_notices":[],"_links":{"self":[{"href":"https:\/\/info-n.com\/tn\/wp-json\/wp\/v2\/product\/2935","targetHints":{"allow":["GET"]}}],"collection":[{"href":"https:\/\/info-n.com\/tn\/wp-json\/wp\/v2\/product"}],"about":[{"href":"https:\/\/info-n.com\/tn\/wp-json\/wp\/v2\/types\/product"}],"wp:featuredmedia":[{"embeddable":true,"href":"https:\/\/info-n.com\/tn\/wp-json\/wp\/v2\/media\/2344"}],"wp:attachment":[{"href":"https:\/\/info-n.com\/tn\/wp-json\/wp\/v2\/media?parent=2935"}],"wp:term":[{"taxonomy":"product_brand","embeddable":true,"href":"https:\/\/info-n.com\/tn\/wp-json\/wp\/v2\/product_brand?post=2935"},{"taxonomy":"product_cat","embeddable":true,"href":"https:\/\/info-n.com\/tn\/wp-json\/wp\/v2\/product_cat?post=2935"},{"taxonomy":"product_tag","embeddable":true,"href":"https:\/\/info-n.com\/tn\/wp-json\/wp\/v2\/product_tag?post=2935"}],"curies":[{"name":"wp","href":"https:\/\/api.w.org\/{rel}","templated":true}]}}