{"id":2948,"date":"2026-03-24T15:29:04","date_gmt":"2026-03-24T14:29:04","guid":{"rendered":"https:\/\/info-n.com\/?post_type=product&#038;p=2948"},"modified":"2026-04-18T13:21:10","modified_gmt":"2026-04-18T12:21:10","slug":"cle-usb-hiksemi-m200s-64go-usb-3-0","status":"publish","type":"product","link":"https:\/\/info-n.com\/tn\/shop\/cle-usb-hiksemi-m200s-64go-usb-3-0\/","title":{"rendered":"Cl\u00e9 USB HIKSEMI M200s 64Go &#8211; USB 3.0"},"content":{"rendered":"<p>Cl\u00e9 USB HIKSEMI M200s 64Go &#8211; USB 3.0 &#8211; Cl\u00e9 USB Hiksemi &#8211; Capacit\u00e9 de Stockage : 64 Go &#8211; Interface : USB 3.0 &#8211; Vitesse en Lecture : Jusqu&rsquo;\u00e0 20 Mbps &#8211; Vitesse en Ecriture : Jusqu&rsquo;\u00e0 10 Mbps &#8211; Dimensions : 58 x 20 x 11 mm &#8211; Couleur : Noir<\/p>\n","protected":false},"excerpt":{"rendered":"<p>La Cl\u00e9 USB HIKSEMI M200s 64G est une solution pratique et compacte pour le stockage et le transfert de vos fichiers num\u00e9riques. Avec une capacit\u00e9 de 64 Go, elle permet de sauvegarder des documents, des photos, des vid\u00e9os et bien plus encore.<\/p>\n","protected":false},"featured_media":2413,"template":"","meta":[],"product_brand":[326],"product_cat":[708,297],"product_tag":[73,230,233,1866,292,293,327,1868,499,1909,655,1862,1869,1864,1865,1867,1863],"class_list":{"0":"post-2948","1":"product","2":"type-product","3":"status-publish","4":"has-post-thumbnail","6":"product_brand-hiksemi","7":"product_cat-cle-usb","8":"product_cat-promo","9":"product_tag-64go","10":"product_tag-cle","11":"product_tag-cle-usb","12":"product_tag-disque-amovible","13":"product_tag-flash","14":"product_tag-flash-disque","15":"product_tag-hiksemi","16":"product_tag-memoire-usb","17":"product_tag-promotion","18":"product_tag-tunisie","19":"product_tag-usb","20":"product_tag-usb-flash-drive","21":"product_tag-usb-memory","22":"product_tag-usb-stick","23":"product_tag--usb","24":"product_tag-1867","27":"first","28":"instock","29":"featured","30":"taxable","31":"shipping-taxable","32":"purchasable","33":"product-type-simple"},"aioseo_notices":[],"_links":{"self":[{"href":"https:\/\/info-n.com\/tn\/wp-json\/wp\/v2\/product\/2948","targetHints":{"allow":["GET"]}}],"collection":[{"href":"https:\/\/info-n.com\/tn\/wp-json\/wp\/v2\/product"}],"about":[{"href":"https:\/\/info-n.com\/tn\/wp-json\/wp\/v2\/types\/product"}],"wp:featuredmedia":[{"embeddable":true,"href":"https:\/\/info-n.com\/tn\/wp-json\/wp\/v2\/media\/2413"}],"wp:attachment":[{"href":"https:\/\/info-n.com\/tn\/wp-json\/wp\/v2\/media?parent=2948"}],"wp:term":[{"taxonomy":"product_brand","embeddable":true,"href":"https:\/\/info-n.com\/tn\/wp-json\/wp\/v2\/product_brand?post=2948"},{"taxonomy":"product_cat","embeddable":true,"href":"https:\/\/info-n.com\/tn\/wp-json\/wp\/v2\/product_cat?post=2948"},{"taxonomy":"product_tag","embeddable":true,"href":"https:\/\/info-n.com\/tn\/wp-json\/wp\/v2\/product_tag?post=2948"}],"curies":[{"name":"wp","href":"https:\/\/api.w.org\/{rel}","templated":true}]}}