{"id":2949,"date":"2026-03-24T15:48:56","date_gmt":"2026-03-24T14:48:56","guid":{"rendered":"https:\/\/info-n.com\/?post_type=product&#038;p=2949"},"modified":"2026-04-14T10:04:25","modified_gmt":"2026-04-14T09:04:25","slug":"cable-alimentation-radio-2","status":"publish","type":"product","link":"https:\/\/info-n.com\/tn\/shop\/cable-alimentation-radio-2\/","title":{"rendered":"C\u00e2ble alimentation Radio"},"content":{"rendered":"<p>C\u00e2ble d&rsquo;alimentation secteur bipolaire est un accessoire con\u00e7u pour relier des appareils domestiques de faible puissance directement \u00e0 une prise murale europ\u00e9enne.<\/p>\n","protected":false},"excerpt":{"rendered":"<p>C\u00e2ble d&rsquo;alimentation secteur bipolaire est un accessoire con\u00e7u pour relier des appareils domestiques de faible puissance directement \u00e0 une prise murale europ\u00e9enne.<\/p>\n","protected":false},"featured_media":2296,"template":"","meta":[],"product_brand":[],"product_cat":[698],"product_tag":[111,126,130,133,150,158,504,554,1909],"class_list":{"0":"post-2949","1":"product","2":"type-product","3":"status-publish","4":"has-post-thumbnail","6":"product_cat-cables-dalimentation","7":"product_tag-bipolaire","8":"product_tag-cable","9":"product_tag-cable-bipolaire","10":"product_tag-cable-c7","11":"product_tag-cable-radio","12":"product_tag-cable-type-8","13":"product_tag-radio","14":"product_tag-secteur","15":"product_tag-tunisie","17":"first","18":"instock","19":"sale","20":"taxable","21":"shipping-taxable","22":"purchasable","23":"product-type-simple"},"aioseo_notices":[],"_links":{"self":[{"href":"https:\/\/info-n.com\/tn\/wp-json\/wp\/v2\/product\/2949","targetHints":{"allow":["GET"]}}],"collection":[{"href":"https:\/\/info-n.com\/tn\/wp-json\/wp\/v2\/product"}],"about":[{"href":"https:\/\/info-n.com\/tn\/wp-json\/wp\/v2\/types\/product"}],"wp:featuredmedia":[{"embeddable":true,"href":"https:\/\/info-n.com\/tn\/wp-json\/wp\/v2\/media\/2296"}],"wp:attachment":[{"href":"https:\/\/info-n.com\/tn\/wp-json\/wp\/v2\/media?parent=2949"}],"wp:term":[{"taxonomy":"product_brand","embeddable":true,"href":"https:\/\/info-n.com\/tn\/wp-json\/wp\/v2\/product_brand?post=2949"},{"taxonomy":"product_cat","embeddable":true,"href":"https:\/\/info-n.com\/tn\/wp-json\/wp\/v2\/product_cat?post=2949"},{"taxonomy":"product_tag","embeddable":true,"href":"https:\/\/info-n.com\/tn\/wp-json\/wp\/v2\/product_tag?post=2949"}],"curies":[{"name":"wp","href":"https:\/\/api.w.org\/{rel}","templated":true}]}}