{"id":2951,"date":"2026-03-24T16:08:52","date_gmt":"2026-03-24T15:08:52","guid":{"rendered":"https:\/\/info-n.com\/?post_type=product&#038;p=2951"},"modified":"2026-04-15T16:46:23","modified_gmt":"2026-04-15T15:46:23","slug":"hub-usb-4-ports-usb-3-0-type-c","status":"publish","type":"product","link":"https:\/\/info-n.com\/tn\/shop\/hub-usb-4-ports-usb-3-0-type-c\/","title":{"rendered":"Hub USB 4 Ports USB 3.0 &#8211; Type-C"},"content":{"rendered":"<p>Le Hub USB 4 Ports USB 3.0 &#8211; Type-C &#8211; 4 ports USB 3.0 Type-A &#8211; Interface d&rsquo;entr\u00e9e USB Type-C &#8211; Vitesse de transfert jusqu&rsquo;\u00e0 5 Gbps &#8211; Plug &amp; Play &#8211; Indicateur LED bleu &#8211; R\u00e9trocompatible USB<\/p>\n","protected":false},"excerpt":{"rendered":"<p>Le Hub USB 4 Ports USB 3.0 &#8211; Type-C est une solution compacte pour \u00e9tendre la connectivit\u00e9 de vos appareils modernes (ordinateurs portables, tablettes) \u00e9quip\u00e9s d&rsquo;un port USB-C.<\/p>\n","protected":false},"featured_media":2462,"template":"","meta":[],"product_brand":[],"product_cat":[717],"product_tag":[1872,333,1875,335,1876,1909,646,655,656,1870,1873,1871,1877,1874],"class_list":{"0":"post-2951","1":"product","2":"type-product","3":"status-publish","4":"has-post-thumbnail","6":"product_cat-hub-usb","7":"product_tag-concentrateur-usb","8":"product_tag-hub","9":"product_tag-hub-multi-port","10":"product_tag-hub-usb","11":"product_tag-multi-port-usb-hub","12":"product_tag-tunisie","13":"product_tag-type-c","14":"product_tag-usb","15":"product_tag-usb-3-0","16":"product_tag-usb-hub","17":"product_tag-usb-splitter","18":"product_tag--usb","19":"product_tag-1877","20":"product_tag---usb","22":"first","23":"instock","24":"sale","25":"taxable","26":"shipping-taxable","27":"purchasable","28":"product-type-simple"},"aioseo_notices":[],"_links":{"self":[{"href":"https:\/\/info-n.com\/tn\/wp-json\/wp\/v2\/product\/2951","targetHints":{"allow":["GET"]}}],"collection":[{"href":"https:\/\/info-n.com\/tn\/wp-json\/wp\/v2\/product"}],"about":[{"href":"https:\/\/info-n.com\/tn\/wp-json\/wp\/v2\/types\/product"}],"wp:featuredmedia":[{"embeddable":true,"href":"https:\/\/info-n.com\/tn\/wp-json\/wp\/v2\/media\/2462"}],"wp:attachment":[{"href":"https:\/\/info-n.com\/tn\/wp-json\/wp\/v2\/media?parent=2951"}],"wp:term":[{"taxonomy":"product_brand","embeddable":true,"href":"https:\/\/info-n.com\/tn\/wp-json\/wp\/v2\/product_brand?post=2951"},{"taxonomy":"product_cat","embeddable":true,"href":"https:\/\/info-n.com\/tn\/wp-json\/wp\/v2\/product_cat?post=2951"},{"taxonomy":"product_tag","embeddable":true,"href":"https:\/\/info-n.com\/tn\/wp-json\/wp\/v2\/product_tag?post=2951"}],"curies":[{"name":"wp","href":"https:\/\/api.w.org\/{rel}","templated":true}]}}