{"id":2953,"date":"2026-03-24T16:39:52","date_gmt":"2026-03-24T15:39:52","guid":{"rendered":"https:\/\/info-n.com\/?post_type=product&#038;p=2953"},"modified":"2026-04-15T18:43:28","modified_gmt":"2026-04-15T17:43:28","slug":"souris-sans-fil-macro-j920","status":"publish","type":"product","link":"https:\/\/info-n.com\/tn\/shop\/souris-sans-fil-macro-j920\/","title":{"rendered":"Souris Sans Fil MACRO J920"},"content":{"rendered":"<p>Souris Sans Fil MACRO J920 &#8211; Type : Optique sans fil (RF 2,4 GHz) &#8211; R\u00e9solution : 1200 DPI &#8211; Port\u00e9e : Jusqu&rsquo;\u00e0 10 m &#8211; Boutons : 3 (clic gauche, droit, molette) &#8211; Design : Ergonomique &#8211; Compatibilit\u00e9 : Windows, Mac OS et Linux (Plug &amp; Play)<\/p>\n","protected":false},"excerpt":{"rendered":"<p>La souris optique sans fil MACRO J920 est un p\u00e9riph\u00e9rique d&rsquo;entr\u00e9e d&rsquo;entr\u00e9e de gamme con\u00e7u pour une utilisation bureautique quotidienne, offrant un \u00e9quilibre entre simplicit\u00e9 et ergonomie.<\/p>\n","protected":false},"featured_media":2954,"template":"","meta":[],"product_brand":[402],"product_cat":[570],"product_tag":[116,1883,351,401,545,569,1886,578,1885,1909,1884],"class_list":{"0":"post-2953","1":"product","2":"type-product","3":"status-publish","4":"has-post-thumbnail","6":"product_brand-macro","7":"product_cat-souris","8":"product_tag-bluetooth","9":"product_tag-computer-mouse","10":"product_tag-j920","11":"product_tag-macro","12":"product_tag-sans-fil","13":"product_tag-souris","14":"product_tag-souris-phone","15":"product_tag-souris-sans-fil","16":"product_tag-souris-smartphone","17":"product_tag-tunisie","18":"product_tag-1884","20":"first","21":"instock","22":"sale","23":"taxable","24":"shipping-taxable","25":"purchasable","26":"product-type-simple"},"aioseo_notices":[],"_links":{"self":[{"href":"https:\/\/info-n.com\/tn\/wp-json\/wp\/v2\/product\/2953","targetHints":{"allow":["GET"]}}],"collection":[{"href":"https:\/\/info-n.com\/tn\/wp-json\/wp\/v2\/product"}],"about":[{"href":"https:\/\/info-n.com\/tn\/wp-json\/wp\/v2\/types\/product"}],"wp:featuredmedia":[{"embeddable":true,"href":"https:\/\/info-n.com\/tn\/wp-json\/wp\/v2\/media\/2954"}],"wp:attachment":[{"href":"https:\/\/info-n.com\/tn\/wp-json\/wp\/v2\/media?parent=2953"}],"wp:term":[{"taxonomy":"product_brand","embeddable":true,"href":"https:\/\/info-n.com\/tn\/wp-json\/wp\/v2\/product_brand?post=2953"},{"taxonomy":"product_cat","embeddable":true,"href":"https:\/\/info-n.com\/tn\/wp-json\/wp\/v2\/product_cat?post=2953"},{"taxonomy":"product_tag","embeddable":true,"href":"https:\/\/info-n.com\/tn\/wp-json\/wp\/v2\/product_tag?post=2953"}],"curies":[{"name":"wp","href":"https:\/\/api.w.org\/{rel}","templated":true}]}}