{"id":2955,"date":"2026-03-24T16:45:45","date_gmt":"2026-03-24T15:45:45","guid":{"rendered":"https:\/\/info-n.com\/?post_type=product&#038;p=2955"},"modified":"2026-04-15T18:39:21","modified_gmt":"2026-04-15T17:39:21","slug":"souris-optique-filaire-r8-1602l-gamer","status":"publish","type":"product","link":"https:\/\/info-n.com\/tn\/shop\/souris-optique-filaire-r8-1602l-gamer\/","title":{"rendered":"Souris Optique Filaire R8-1602L Gamer"},"content":{"rendered":"<p>Souris Optique Filaire R8-1602L Gamer &#8211; Type : Optique Gamer &#8211; Capteur : 1000 DPI &#8211; Boutons : 3 (clic gauche, droit, molette) &#8211; Design : Ambidextre et antid\u00e9rapant &#8211; \u00c9clairage : LED RGB (effet respiration) &#8211; Durabilit\u00e9 : 5 millions de clics &#8211; Connectivit\u00e9 : USB Plug &amp; Play &#8211; C\u00e2ble : 1,5 m<\/p>\n","protected":false},"excerpt":{"rendered":"<p>La Souris Gaming R8-1602L est une souris optique filaire d&rsquo;entr\u00e9e de gamme, con\u00e7ue pour offrir un look \u00ab\u00a0gamer\u00a0\u00bb \u00e0 un prix tr\u00e8s abordable.<\/p>\n","protected":false},"featured_media":2956,"template":"","meta":[],"product_brand":[],"product_cat":[713,570],"product_tag":[1883,290,300,458,503,569,574,1886,1885,580,1909,1884],"class_list":{"0":"post-2955","1":"product","2":"type-product","3":"status-publish","4":"has-post-thumbnail","6":"product_cat-gaming","7":"product_cat-souris","8":"product_tag-computer-mouse","9":"product_tag-filaire","10":"product_tag-gamer","11":"product_tag-optique","12":"product_tag-r8","13":"product_tag-souris","14":"product_tag-souris-optique-filaire","15":"product_tag-souris-phone","16":"product_tag-souris-smartphone","17":"product_tag-souris-usb","18":"product_tag-tunisie","19":"product_tag-1884","21":"first","22":"instock","23":"sale","24":"taxable","25":"shipping-taxable","26":"purchasable","27":"product-type-simple"},"aioseo_notices":[],"_links":{"self":[{"href":"https:\/\/info-n.com\/tn\/wp-json\/wp\/v2\/product\/2955","targetHints":{"allow":["GET"]}}],"collection":[{"href":"https:\/\/info-n.com\/tn\/wp-json\/wp\/v2\/product"}],"about":[{"href":"https:\/\/info-n.com\/tn\/wp-json\/wp\/v2\/types\/product"}],"wp:featuredmedia":[{"embeddable":true,"href":"https:\/\/info-n.com\/tn\/wp-json\/wp\/v2\/media\/2956"}],"wp:attachment":[{"href":"https:\/\/info-n.com\/tn\/wp-json\/wp\/v2\/media?parent=2955"}],"wp:term":[{"taxonomy":"product_brand","embeddable":true,"href":"https:\/\/info-n.com\/tn\/wp-json\/wp\/v2\/product_brand?post=2955"},{"taxonomy":"product_cat","embeddable":true,"href":"https:\/\/info-n.com\/tn\/wp-json\/wp\/v2\/product_cat?post=2955"},{"taxonomy":"product_tag","embeddable":true,"href":"https:\/\/info-n.com\/tn\/wp-json\/wp\/v2\/product_tag?post=2955"}],"curies":[{"name":"wp","href":"https:\/\/api.w.org\/{rel}","templated":true}]}}